{"id":2590,"date":"2020-11-18T11:15:21","date_gmt":"2020-11-18T10:15:21","guid":{"rendered":"https:\/\/tecnomarmisrl.it\/homa\/"},"modified":"2021-03-25T15:15:43","modified_gmt":"2021-03-25T14:15:43","slug":"homa","status":"publish","type":"page","link":"https:\/\/tecnomarmisrl.it\/en\/","title":{"rendered":"Home"},"content":{"rendered":"<p>[et_pb_section fb_built=&#8221;1&#8243; _builder_version=&#8221;4.4.8&#8243; background_color=&#8221;#ffffff&#8221; background_enable_image=&#8221;off&#8221; background_size=&#8221;contain&#8221;][et_pb_row disabled_on=&#8221;off|off|off&#8221; _builder_version=&#8221;4.4.8&#8243; background_color=&#8221;#ffffff&#8221; use_background_color_gradient=&#8221;on&#8221; background_color_gradient_start=&#8221;rgba(0,0,0,0)&#8221; background_color_gradient_end=&#8221;rgba(0,0,0,0)&#8221; width=&#8221;30%&#8221; width_tablet=&#8221;80%&#8221; width_phone=&#8221;90%&#8221; width_last_edited=&#8221;on|desktop&#8221; border_color_all=&#8221;rgba(0,0,0,0)&#8221; border_style_all=&#8221;none&#8221;][et_pb_column type=&#8221;4_4&#8243; _builder_version=&#8221;4.4.8&#8243;][et_pb_image src=&#8221;https:\/\/tecnomarmisrl.it\/wp-content\/uploads\/2021\/03\/Senza-titolo-1-Recuperato_Tavola-disegno-1-copia.jpg&#8221; title_text=&#8221;Senza titolo-1 %91Recuperato%93_Tavola disegno 1 copia&#8221; _builder_version=&#8221;4.4.8&#8243; border_color_all=&#8221;rgba(0,0,0,0)&#8221; border_style_all=&#8221;none&#8221;][\/et_pb_image][\/et_pb_column][\/et_pb_row][\/et_pb_section][et_pb_section fb_built=&#8221;1&#8243; fullwidth=&#8221;on&#8221; _builder_version=&#8221;4.4.8&#8243;][et_pb_fullwidth_slider show_pagination=&#8221;off&#8221; use_bg_overlay=&#8221;off&#8221; _builder_version=&#8221;4.4.8&#8243; header_text_color=&#8221;#000000&#8243; body_text_align=&#8221;center&#8221; background_image=&#8221;https:\/\/tecnomarmisrl.it\/wp-content\/uploads\/2021\/01\/P2A67499-Modifica.jpg&#8221; header_font_size_tablet=&#8221;1px&#8221; header_font_size_phone=&#8221;&#8221; header_font_size_last_edited=&#8221;on|tablet&#8221;][et_pb_slide heading=&#8221;WE CHANGED THE TRADITIONAL WAY TO SEE MARBLE&#8221; _builder_version=&#8221;4.4.8&#8243; header_level=&#8221;h2&#8243; header_font=&#8221;Montserrat|500|||||||&#8221; header_text_color=&#8221;#ffffff&#8221; header_font_size=&#8221;60px&#8221; header_font_size_tablet=&#8221;40px&#8221; header_font_size_phone=&#8221;28px&#8221; header_font_size_last_edited=&#8221;on|phone&#8221;][\/et_pb_slide][\/et_pb_fullwidth_slider][\/et_pb_section][et_pb_section fb_built=&#8221;1&#8243; _builder_version=&#8221;4.4.8&#8243;][et_pb_row _builder_version=&#8221;4.4.8&#8243;][et_pb_column type=&#8221;4_4&#8243; _builder_version=&#8221;4.4.8&#8243;][et_pb_text _builder_version=&#8221;4.4.8&#8243; custom_margin=&#8221;||||true|false&#8221; custom_padding=&#8221;40px||40px||true|false&#8221; header_font_size_tablet=&#8221;&#8221; header_font_size_phone=&#8221;22px&#8221; header_font_size_last_edited=&#8221;on|phone&#8221; header_3_font_size_tablet=&#8221;&#8221; header_3_font_size_phone=&#8221;18px&#8221; header_3_font_size_last_edited=&#8221;on|phone&#8221; inline_fonts=&#8221;Montserrat,Montserrat Subrayada&#8221;]<\/p>\n<h2 style=\"text-align: center;\"><strong style=\"font-family: Montserrat;\"><span style=\"color: #000000;\">\u201cIF YOU CAN IMAGINE, THEN YOU CAN DO IT.\u201d<\/span><\/strong><\/h2>\n<p>&nbsp;<\/p>\n<p>[\/et_pb_text][et_pb_text _builder_version=&#8221;4.4.8&#8243; text_font=&#8221;Roboto|500|||||||&#8221; text_text_color=&#8221;#000000&#8243; header_text_color=&#8221;#707070&#8243; header_2_text_align=&#8221;center&#8221;]<\/p>\n<h2 style=\"text-align: center;\"><span style=\"color: #707070;\">Tecnomarmi is simply this, the tool with which you can realize what you want.<\/span><\/h2>\n<h2><span style=\"color: #707070;\">Our prerogative is to always go beyond and never set any limits.<\/span><\/h2>\n<p>[\/et_pb_text][\/et_pb_column][\/et_pb_row][\/et_pb_section][et_pb_section fb_built=&#8221;1&#8243; fullwidth=&#8221;on&#8221; _builder_version=&#8221;4.4.8&#8243;][et_pb_fullwidth_slider show_pagination=&#8221;off&#8221; use_bg_overlay=&#8221;off&#8221; _builder_version=&#8221;4.4.8&#8243; header_text_color=&#8221;#000000&#8243; body_text_align=&#8221;center&#8221; background_image=&#8221;https:\/\/tecnomarmisrl.it\/wp-content\/uploads\/2021\/01\/P2A7586-Modifica.jpg&#8221; header_font_size_tablet=&#8221;1px&#8221; header_font_size_phone=&#8221;&#8221; header_font_size_last_edited=&#8221;on|tablet&#8221;][et_pb_slide heading=&#8221;NO LIMITS TO IMAGINATION&#8221; _builder_version=&#8221;4.4.8&#8243; header_level=&#8221;h2&#8243; header_font=&#8221;Montserrat|500|||||||&#8221; header_text_color=&#8221;#ffffff&#8221; header_font_size=&#8221;60px&#8221; header_font_size_tablet=&#8221;40px&#8221; header_font_size_phone=&#8221;28px&#8221; header_font_size_last_edited=&#8221;on|phone&#8221;][\/et_pb_slide][\/et_pb_fullwidth_slider][\/et_pb_section][et_pb_section fb_built=&#8221;1&#8243; _builder_version=&#8221;4.4.8&#8243; custom_padding=&#8221;||3px|||&#8221;][et_pb_row _builder_version=&#8221;4.4.8&#8243; custom_padding=&#8221;0px|||||&#8221;][et_pb_column type=&#8221;4_4&#8243; _builder_version=&#8221;4.4.8&#8243;][et_pb_text _builder_version=&#8221;4.4.8&#8243; text_font=&#8221;Roboto|500|||||||&#8221; text_text_color=&#8221;#000000&#8243; header_text_color=&#8221;#000000&#8243; header_2_text_align=&#8221;center&#8221;]<\/p>\n<h2><span style=\"color: #707070; font-size: 23px;\">Thanks to the technologies and workforce we have in our company, for the architecture we can realize:<\/span><\/h2>\n<h2><span style=\"color: #707070;\">Big marble columns, different kinds of shaping, sculptures and statues, low relieves, arches, jambs, balaustrades, fountains, monolithic bathtubs, windowsills, stairs, flooring and coverings.<\/span><\/h2>\n<h2><span style=\"color: #707070;\"> <\/span><\/h2>\n<h2><span style=\"color: #707070;\"> <\/span><\/h2>\n<h2><span style=\"color: #707070;\">Moreover for the interior design and furniture sector, we can do:<\/span><\/h2>\n<h2><span style=\"color: #707070;\">Furniture pieces covered with light-weight marble and stone, with technologies that go from honeycomb to carbon, kitchen countertops, bathroom countertops, marble and stone tables, all kind of furniture complements and objects.<\/span><\/h2>\n<h2><\/h2>\n<h2><span style=\"color: #707070;\"> <\/span><\/h2>\n<p>[\/et_pb_text][\/et_pb_column][\/et_pb_row][\/et_pb_section][et_pb_section fb_built=&#8221;1&#8243; _builder_version=&#8221;4.4.8&#8243;][et_pb_row _builder_version=&#8221;4.4.8&#8243; custom_margin=&#8221;-10%||||false|false&#8221; custom_margin_tablet=&#8221;-20%||||false|false&#8221; custom_margin_phone=&#8221;-40%||||false|false&#8221; custom_margin_last_edited=&#8221;on|phone&#8221;][et_pb_column type=&#8221;4_4&#8243; _builder_version=&#8221;4.4.8&#8243;][et_pb_text _builder_version=&#8221;4.4.8&#8243;]<style id=\"sp_pcp_dynamic_style2211\">#pcp_wrapper-2211:not(.sps-glossary-layout) .sp-pcp-row,#pcp_wrapper-2211 .sps-glossary-items-group .sps-glossary-items-content {margin-right: -10px;margin-left: -10px;}#pcp_wrapper-2211 .sp-pcp-row [class*='sp-pcp-col-']{padding-right: 10px;padding-left: 10px; padding-bottom:20px;}#pcp_wrapper-2211 .dots .swiper-pagination-bullet{ background: #dddddd; } #pcp_wrapper-2211 .dots .swiper-pagination-bullet-active { background: #5e5e5e; }#pcp_wrapper-2211 .pcp-button-prev,#pcp_wrapper-2211 .pcp-button-next{ background-image: none; background-size: auto; background-color: #fff; height: 33px; width: 33px; margin-top: 8px; border: 1px solid #aaa; text-align: center; line-height: 30px; -webkit-transition: 0.3s; border-radius: 3px; }#pcp_wrapper-2211 .pcp-button-prev:hover, #pcp_wrapper-2211 .pcp-button-next:hover{ background-color: #999999; border-color: #999999; } #pcp_wrapper-2211 .pcp-button-prev .fa, #pcp_wrapper-2211 .pcp-button-next .fa { color: #999999; } #pcp_wrapper-2211 .pcp-button-prev:hover .fa, #pcp_wrapper-2211 .pcp-button-next:hover .fa { color: #fff; } #pcp_wrapper-2211.pcp-carousel-wrapper .sp-pcp-post{ margin-top: 0; }#pcp_wrapper-2211 .sp-pcp-post {padding: 0 0 0 0;}#pcp_wrapper-2211.sp-slider_layout .sp-pcp-post .sp-pcp-post-details {top: 0; right:0; bottom:0; left:0;}#pcp_wrapper-2211 .sp-pcp-post {border: 0px solid #e2e2e2; border-radius: 0px }#pcp_wrapper-2211 .sp-pcp-post{background-color: transparent;}#pcp_wrapper-2211 .pcp-post-thumb-wrapper{border: 0px solid #dddddd;border-radius:0px;}.pcp-wrapper-2211 .sp-pcp-post-meta li,.pcp-wrapper-2211 .sp-pcp-post-meta ul,.pcp-wrapper-2211 .sp-pcp-post-meta li a{color: #888;}.pcp-wrapper-2211 .sp-pcp-post-meta li a:hover{color: #000000;}#pcp_wrapper-2211 .pcp-readmore-link{ background: transparent; color: #111; border: 1px solid #888; border-radius: 0px; } #pcp_wrapper-2211 .pcp-readmore-link:hover { background-color: #e1624b; color: #fff; border-color: #e1624b; }#pcp_wrapper-2211 .pcp-post-pagination .page-numbers.current, #pcp_wrapper-2211 .pcp-post-pagination a.active , #pcp_wrapper-2211 .pcp-post-pagination a:hover{ color: #ffffff; background: #e1624b; border-color: #e1624b; }#pcp_wrapper-2211 .pcp-post-pagination .page-numbers, .pcp-post-pagination a{ background: #ffffff; color:#5e5e5e; border: 2px solid #bbbbbb;border-radius: 2px; }#pcp_wrapper-2211 .pcp-post-pagination{text-align: left;}@media (min-width: 1200px) {.sp-pcp-row .sp-pcp-col-xl-1 {flex: 0 0 100%;}.sp-pcp-row .sp-pcp-col-xl-2 {flex: 1 1 calc( 50% - 20px);}.sp-pcp-row .sp-pcp-col-xl-3 {flex: 1 1 calc( 33.333% - 20px);}.sp-pcp-row .sp-pcp-col-xl-4 {flex: 1 1 calc( 25% - 20px);}.sp-pcp-row .sp-pcp-col-xl-5 { flex: 1 1 calc( 20% - 20px);}.sp-pcp-row .sp-pcp-col-xl-6 {flex: 1 1 calc( 16.66666666666667% - 20px);}.sp-pcp-row .sp-pcp-col-xl-7 {flex: 1 1 calc( 14.28571428% - 20px);}.sp-pcp-row .sp-pcp-col-xl-8 {flex: 1 1 calc( 12.5% - 20px);}}@media (max-width: 1200px) {.sp-pcp-row .sp-pcp-col-lg-1 {flex: 0 0 100%;}.sp-pcp-row .sp-pcp-col-lg-2 {flex: 1 1 calc( 50% - 20px);}.sp-pcp-row .sp-pcp-col-lg-3 {flex: 1 1 calc( 33.333% - 20px);}.sp-pcp-row .sp-pcp-col-lg-4 {flex: 1 1 calc( 25% - 20px);}.sp-pcp-row .sp-pcp-col-lg-5 { flex: 1 1 calc( 20% - 20px);}.sp-pcp-row .sp-pcp-col-lg-6 {flex: 1 1 calc( 16.66666666666667% - 20px);}.sp-pcp-row .sp-pcp-col-lg-7 {flex: 1 1 calc( 14.28571428% - 20px);}.sp-pcp-row .sp-pcp-col-lg-8 {flex: 1 1 calc( 12.5% - 20px);}}@media (max-width: 992px) {.sp-pcp-row .sp-pcp-col-md-1 {flex: 0 0 100%;}.sp-pcp-row .sp-pcp-col-md-2 {flex: 1 1 calc( 50% - 20px);}.sp-pcp-row .sp-pcp-col-md-2-5 {flex: 0 0 75%;}.sp-pcp-row .sp-pcp-col-md-3 {flex: 1 1 calc( 33.333% - 20px);}.sp-pcp-row .sp-pcp-col-md-4 {flex: 1 1 calc( 25% - 20px);}.sp-pcp-row .sp-pcp-col-md-5 { flex: 1 1 calc( 20% - 20px);}.sp-pcp-row .sp-pcp-col-md-6 {flex: 1 1 calc( 16.66666666666667% - 20px);}.sp-pcp-row .sp-pcp-col-md-7 {flex: 1 1 calc( 14.28571428% - 20px);}.sp-pcp-row .sp-pcp-col-md-8 {flex: 1 1 calc( 12.5% - 20px);}}@media (max-width: 768px) {.sp-pcp-row .sp-pcp-col-sm-1 {flex: 0 0 100%;}.sp-pcp-row .sp-pcp-col-sm-2 {flex: 1 1 calc( 50% - 20px);}.sp-pcp-row .sp-pcp-col-sm-2-5 {flex: 0 0 75%;}.sp-pcp-row .sp-pcp-col-sm-3 {flex: 1 1 calc( 33.333% - 20px);}.sp-pcp-row .sp-pcp-col-sm-4 {flex: 1 1 calc( 25% - 20px);}.sp-pcp-row .sp-pcp-col-sm-5 { flex: 1 1 calc( 20% - 20px);}.sp-pcp-row .sp-pcp-col-sm-6 {flex: 1 1 calc( 16.66666666666667% - 20px);}.sp-pcp-row .sp-pcp-col-sm-7 {flex: 1 1 calc( 14.28571428% - 20px);}.sp-pcp-row .sp-pcp-col-sm-8 {flex: 1 1 calc( 12.5% - 20px);}}@media (max-width: 420px) {.sp-pcp-row .sp-pcp-col-xs-1 {flex: 0 0 100%;}.sp-pcp-row .sp-pcp-col-xs-2 {flex: 1 1 calc( 50% - 20px);}.sp-pcp-row .sp-pcp-col-xs-3 {flex: 1 1 calc( 33.333% - 20px);}.sp-pcp-row .sp-pcp-col-xs-4 {flex: 1 1 calc( 25% - 20px);}.sp-pcp-row .sp-pcp-col-xs-5 { flex: 1 1 calc( 20% - 20px);}.sp-pcp-row .sp-pcp-col-xs-6 {flex: 1 1 calc( 16.66666666666667% - 20px);}.sp-pcp-row .sp-pcp-col-xs-7 {flex: 1 1 calc( 14.28571428% - 20px);}.sp-pcp-row .sp-pcp-col-xs-8 {flex: 1 1 calc( 12.5% - 20px);}}<\/style><!-- Markup Starts -->\n<div id=\"pcp_wrapper-2211\" class=\"sp-pcp-section sp-pcp-container pcp-wrapper-2211 pcp-carousel-wrapper standard sp-carousel_layout\" data-sid=\"2211\">\n\t<div id=\"sp-pcp-id-2211\" class=\"swiper-container sp-pcp-carousel top_right\" dir=\"ltr\" data-carousel='{ \"speed\":600, \"items\":4, \"spaceBetween\":20, \"navigation\":true, \"pagination\": true, \"autoplay\": true, \"autoplay_speed\": 2000, \"loop\": true, \"autoHeight\": false, \"lazy\":  true, \"simulateTouch\": true, \"freeMode\": false, \"slider_mouse_wheel\": false,\"allowTouchMove\": true, \"slidesPerView\": {\"lg_desktop\": 4, \"desktop\": 4, \"tablet\": 3, \"mobile_landscape\": 2, \"mobile\": 1}, \"navigation_mobile\": true, \"pagination_mobile\": true, \"stop_onHover\": true, \"enabled\": true, \"prevSlideMessage\": \"Previous slide\", \"nextSlideMessage\": \"Next slide\", \"firstSlideMessage\": \"This is the first slide\", \"lastSlideMessage\": \"This is the last slide\", \"keyboard\": \"true\", \"paginationBulletMessage\": \"Go to slide {{index}}\" }'>\n\t\t\t<div class=\"swiper-wrapper\">\n\t\t\t\t\t\t<div class=\" swiper-slide swiper-lazy\">\n\t\t\t\t\t\t<div class=\"sp-pcp-post pcp-item-2776\" data-id=\"2776\">\n\t\t\t\t\t\t\t\t<div class=\"pcp-post-thumb-wrapper\">\n\t\t\t\t\t<div class=\"sp-pcp-post-thumb-area\">\n\t\t\t\t\t\t\t\t\t\t\t\t<a class=\"sp-pcp-thumb\" href=\"https:\/\/tecnomarmisrl.it\/en\/projects\/bathrooms\/\" target=\"_self\" rel=nofollow>\n\t\t\t\t\t\t\t\t\t\t\t\t\t<img loading=\"lazy\" decoding=\"async\" src=\"https:\/\/tecnomarmisrl.it\/wp-content\/uploads\/2021\/04\/bagni-in-marmo.jpg\" width=\"1024\" height=\"683\" alt=\"bagni in marmo\">\n\t\t\t\t\t\t<\/a>\n\t\t\t\t\t<\/div>\n\t\t\t\t<\/div>\n\t\t\t\t\t\t<div class=\"sp-pcp-post-content\">\n\t\t\t\t\t<div class=\"sp-pcp-readmore\">\n\t\t\t\t\t\t\t<a class=\"pcp-readmore-link\" target=\"_self\" href=\"https:\/\/tecnomarmisrl.it\/en\/projects\/bathrooms\/\" rel=nofollow>\n\t\t\t\t\t\tRead More <\/a>\n\t\t<\/div>\n\t\t\t\t\t<\/div>\n\t\t\t\t\t\t<\/div>\n\t\t\t\t\t<\/div>\n\t\t\t\t<div class=\" swiper-slide swiper-lazy\">\n\t\t\t\t\t\t<div class=\"sp-pcp-post pcp-item-2778\" data-id=\"2778\">\n\t\t\t\t\t\t\t\t<div class=\"pcp-post-thumb-wrapper\">\n\t\t\t\t\t<div class=\"sp-pcp-post-thumb-area\">\n\t\t\t\t\t\t\t\t\t\t\t\t<a class=\"sp-pcp-thumb\" href=\"https:\/\/tecnomarmisrl.it\/en\/projects\/kitchen\/\" target=\"_self\" rel=nofollow>\n\t\t\t\t\t\t\t\t\t\t\t\t\t<img loading=\"lazy\" decoding=\"async\" src=\"https:\/\/tecnomarmisrl.it\/wp-content\/uploads\/2021\/04\/realizzazione-cucine-in-marmo.jpg\" width=\"1024\" height=\"683\" alt=\"realizzazione cucine in marmo\">\n\t\t\t\t\t\t<\/a>\n\t\t\t\t\t<\/div>\n\t\t\t\t<\/div>\n\t\t\t\t\t\t<div class=\"sp-pcp-post-content\">\n\t\t\t\t\t<div class=\"sp-pcp-readmore\">\n\t\t\t\t\t\t\t<a class=\"pcp-readmore-link\" target=\"_self\" href=\"https:\/\/tecnomarmisrl.it\/en\/projects\/kitchen\/\" rel=nofollow>\n\t\t\t\t\t\tRead More <\/a>\n\t\t<\/div>\n\t\t\t\t\t<\/div>\n\t\t\t\t\t\t<\/div>\n\t\t\t\t\t<\/div>\n\t\t\t\t<div class=\" swiper-slide swiper-lazy\">\n\t\t\t\t\t\t<div class=\"sp-pcp-post pcp-item-2782\" data-id=\"2782\">\n\t\t\t\t\t\t\t\t<div class=\"pcp-post-thumb-wrapper\">\n\t\t\t\t\t<div class=\"sp-pcp-post-thumb-area\">\n\t\t\t\t\t\t\t\t\t\t\t\t<a class=\"sp-pcp-thumb\" href=\"https:\/\/tecnomarmisrl.it\/en\/projects\/contract\/\" target=\"_self\" rel=nofollow>\n\t\t\t\t\t\t\t\t\t\t\t\t\t<img loading=\"lazy\" decoding=\"async\" src=\"https:\/\/tecnomarmisrl.it\/wp-content\/uploads\/2021\/04\/settori-dintervento-1167-1024x683-1.jpg\" width=\"1024\" height=\"683\" alt=\"Rivestimenti in marmo per ambienti contract\">\n\t\t\t\t\t\t<\/a>\n\t\t\t\t\t<\/div>\n\t\t\t\t<\/div>\n\t\t\t\t\t\t<div class=\"sp-pcp-post-content\">\n\t\t\t\t\t<div class=\"sp-pcp-readmore\">\n\t\t\t\t\t\t\t<a class=\"pcp-readmore-link\" target=\"_self\" href=\"https:\/\/tecnomarmisrl.it\/en\/projects\/contract\/\" rel=nofollow>\n\t\t\t\t\t\tRead More <\/a>\n\t\t<\/div>\n\t\t\t\t\t<\/div>\n\t\t\t\t\t\t<\/div>\n\t\t\t\t\t<\/div>\n\t\t\t\t<div class=\" swiper-slide swiper-lazy\">\n\t\t\t\t\t\t<div class=\"sp-pcp-post pcp-item-2780\" data-id=\"2780\">\n\t\t\t\t\t\t\t\t<div class=\"pcp-post-thumb-wrapper\">\n\t\t\t\t\t<div class=\"sp-pcp-post-thumb-area\">\n\t\t\t\t\t\t\t\t\t\t\t\t<a class=\"sp-pcp-thumb\" href=\"https:\/\/tecnomarmisrl.it\/en\/projects\/floors-and-stairs\/\" target=\"_self\" rel=nofollow>\n\t\t\t\t\t\t\t\t\t\t\t\t\t<img loading=\"lazy\" decoding=\"async\" src=\"https:\/\/tecnomarmisrl.it\/wp-content\/uploads\/2021\/04\/Scale-e-pavimenti-in-marmo-1.jpg\" width=\"1200\" height=\"800\" alt=\"vendita scale e pavimenti in marmo\">\n\t\t\t\t\t\t<\/a>\n\t\t\t\t\t<\/div>\n\t\t\t\t<\/div>\n\t\t\t\t\t\t<div class=\"sp-pcp-post-content\">\n\t\t\t\t\t<div class=\"sp-pcp-readmore\">\n\t\t\t\t\t\t\t<a class=\"pcp-readmore-link\" target=\"_self\" href=\"https:\/\/tecnomarmisrl.it\/en\/projects\/floors-and-stairs\/\" rel=nofollow>\n\t\t\t\t\t\tRead More <\/a>\n\t\t<\/div>\n\t\t\t\t\t<\/div>\n\t\t\t\t\t\t<\/div>\n\t\t\t\t\t<\/div>\n\t\t\t\t<div class=\" swiper-slide swiper-lazy\">\n\t\t\t\t\t\t<div class=\"sp-pcp-post pcp-item-2596\" data-id=\"2596\">\n\t\t\t\t\t\t\t\t<div class=\"pcp-post-thumb-wrapper\">\n\t\t\t\t\t<div class=\"sp-pcp-post-thumb-area\">\n\t\t\t\t\t\t\t\t\t\t\t\t<a class=\"sp-pcp-thumb\" href=\"https:\/\/tecnomarmisrl.it\/en\/materials-library\/\" target=\"_self\" rel=nofollow>\n\t\t\t\t\t\t\t\t\t\t\t\t\t<img loading=\"lazy\" decoding=\"async\" src=\"https:\/\/tecnomarmisrl.it\/wp-content\/uploads\/2021\/04\/materioteca.jpg\" width=\"1024\" height=\"683\" alt=\"materioteca tecnomarmi\">\n\t\t\t\t\t\t<\/a>\n\t\t\t\t\t<\/div>\n\t\t\t\t<\/div>\n\t\t\t\t\t\t<div class=\"sp-pcp-post-content\">\n\t\t\t\t\t<div class=\"sp-pcp-readmore\">\n\t\t\t\t\t\t\t<a class=\"pcp-readmore-link\" target=\"_self\" href=\"https:\/\/tecnomarmisrl.it\/en\/materials-library\/\" rel=nofollow>\n\t\t\t\t\t\tRead More <\/a>\n\t\t<\/div>\n\t\t\t\t\t<\/div>\n\t\t\t\t\t\t<\/div>\n\t\t\t\t\t<\/div>\n\t\t\t\t\t<\/div>\n\t\t\t\t\t\t<div class=\"pcp-pagination swiper-pagination dots\"><\/div>\n\t\t\t\t\t\t\t\t\t\t<div class=\"pcp-button-next swiper-button-next top_right\"><i class=\"fa fa-angle-right\"><\/i><\/div>\n\t\t\t\t<div class=\"pcp-button-prev swiper-button-prev top_right\"><i class=\"fa fa-angle-left\"><\/i><\/div>\t<\/div>\n<\/div>\n[\/et_pb_text][\/et_pb_column][\/et_pb_row][\/et_pb_section]<\/p>\n","protected":false},"excerpt":{"rendered":"<p>MATERIALS LIBRARY Our materials library has been created to give you the possibility to choose the best material for your project. Thanks to our experience and to the collaborations we acquired in the decades.NATURAL MATERIALS STONE With the word stone is meant a material with a calcareous base, very common in our territories. Mainly used [&hellip;]<\/p>\n","protected":false},"author":1,"featured_media":0,"parent":0,"menu_order":0,"comment_status":"closed","ping_status":"closed","template":"","meta":{"_acf_changed":false,"_et_pb_use_builder":"on","_et_pb_old_content":"<!-- wp:paragraph -->\r\n<p>Questa \u00e8 una pagina di esempio. Differisce da un articolo di un blog perch\u00e9 rimane sempre allo stesso posto e (in molti temi) appare nel menu di navigazione. Molte persone iniziano con una pagina di Informazioni che li presentano ai visitatori del sito. Potrebbe apparire una presentazione del tipo:<\/p>\r\n<!-- \/wp:paragraph -->\r\n\r\n<!-- wp:quote -->\r\n<blockquote class=\"wp-block-quote\"><p>Ciao! Sono un fattorino ciclista di giorno, aspirante attore di notte e questo \u00e8 il mio sito web. Vivo a Los Angeles, ho un grande cane di nome Jack e mi piace la pi\u00f1a colada. (E prendere la pioggia)<\/p><\/blockquote>\r\n<!-- \/wp:quote -->\r\n\r\n<!-- wp:paragraph -->\r\n<p>...o qualcosa di simile:<\/p>\r\n<!-- \/wp:paragraph -->\r\n\r\n<!-- wp:quote -->\r\n<blockquote class=\"wp-block-quote\"><p>La Societ\u00e0 XYZ Aggeggi \u00e8 stata fondata nel 1971 e da allora fornisce al pubblico aggeggi di ottima qualit\u00e0. Situata a Fantasilandia, XYZ impiega oltre 2.000 persone e realizza ogni sorta di aggeggio fantastico per la comunit\u00e0 di Fantasilandia.<\/p><\/blockquote>\r\n<!-- \/wp:quote -->\r\n\r\n<!-- wp:paragraph -->\r\n<p>Come nuovo utente di WordPress, dovresti andare nella tua <a href=\"http:\/\/tecnomarmisrl.it\/wp-admin\/\">Bacheca<\/a> per eliminare questa pagina, e crearne delle nuove per i tuoi contenuti. Divertiti!<\/p>\r\n<!-- \/wp:paragraph -->","_et_gb_content_width":"","footnotes":""},"class_list":["post-2590","page","type-page","status-publish","hentry"],"acf":[],"yoast_head":"<!-- This site is optimized with the Yoast SEO plugin v25.4 - https:\/\/yoast.com\/wordpress\/plugins\/seo\/ -->\n<title>Granite and Marble Solutions and Projects - Tecnomarmi<\/title>\n<meta name=\"description\" content=\"Thanks to the technologies and workforce we have in Tecnomarmi, we can realize multiple Granite and Marble Solutions and Projects.\" \/>\n<meta name=\"robots\" content=\"index, follow, max-snippet:-1, max-image-preview:large, max-video-preview:-1\" \/>\n<link rel=\"canonical\" href=\"https:\/\/tecnomarmisrl.it\/en\/\" \/>\n<meta property=\"og:locale\" content=\"en_US\" \/>\n<meta property=\"og:type\" content=\"article\" \/>\n<meta property=\"og:title\" content=\"Granite and Marble Solutions and Projects - Tecnomarmi\" \/>\n<meta property=\"og:description\" content=\"Thanks to the technologies and workforce we have in Tecnomarmi, we can realize multiple Granite and Marble Solutions and Projects.\" \/>\n<meta property=\"og:url\" content=\"https:\/\/tecnomarmisrl.it\/en\/\" \/>\n<meta property=\"og:site_name\" content=\"Tecnomarmi\" \/>\n<meta property=\"article:modified_time\" content=\"2021-03-25T14:15:43+00:00\" \/>\n<meta name=\"twitter:card\" content=\"summary_large_image\" \/>\n<meta name=\"twitter:label1\" content=\"Est. reading time\" \/>\n\t<meta name=\"twitter:data1\" content=\"2 minutes\" \/>\n<script type=\"application\/ld+json\" class=\"yoast-schema-graph\">{\"@context\":\"https:\/\/schema.org\",\"@graph\":[{\"@type\":\"WebPage\",\"@id\":\"https:\/\/tecnomarmisrl.it\/en\/\",\"url\":\"https:\/\/tecnomarmisrl.it\/en\/\",\"name\":\"Granite and Marble Solutions and Projects - Tecnomarmi\",\"isPartOf\":{\"@id\":\"https:\/\/tecnomarmisrl.it\/#website\"},\"datePublished\":\"2020-11-18T10:15:21+00:00\",\"dateModified\":\"2021-03-25T14:15:43+00:00\",\"description\":\"Thanks to the technologies and workforce we have in Tecnomarmi, we can realize multiple Granite and Marble Solutions and Projects.\",\"breadcrumb\":{\"@id\":\"https:\/\/tecnomarmisrl.it\/en\/#breadcrumb\"},\"inLanguage\":\"en-US\",\"potentialAction\":[{\"@type\":\"ReadAction\",\"target\":[\"https:\/\/tecnomarmisrl.it\/en\/\"]}]},{\"@type\":\"BreadcrumbList\",\"@id\":\"https:\/\/tecnomarmisrl.it\/en\/#breadcrumb\",\"itemListElement\":[{\"@type\":\"ListItem\",\"position\":1,\"name\":\"Home\",\"item\":\"https:\/\/tecnomarmisrl.it\/en\/\"},{\"@type\":\"ListItem\",\"position\":2,\"name\":\"Home\"}]},{\"@type\":\"WebSite\",\"@id\":\"https:\/\/tecnomarmisrl.it\/#website\",\"url\":\"https:\/\/tecnomarmisrl.it\/\",\"name\":\"Tecnomarmi\",\"description\":\"\",\"potentialAction\":[{\"@type\":\"SearchAction\",\"target\":{\"@type\":\"EntryPoint\",\"urlTemplate\":\"https:\/\/tecnomarmisrl.it\/?s={search_term_string}\"},\"query-input\":{\"@type\":\"PropertyValueSpecification\",\"valueRequired\":true,\"valueName\":\"search_term_string\"}}],\"inLanguage\":\"en-US\"}]}<\/script>\n<!-- \/ Yoast SEO plugin. -->","yoast_head_json":{"title":"Granite and Marble Solutions and Projects - Tecnomarmi","description":"Thanks to the technologies and workforce we have in Tecnomarmi, we can realize multiple Granite and Marble Solutions and Projects.","robots":{"index":"index","follow":"follow","max-snippet":"max-snippet:-1","max-image-preview":"max-image-preview:large","max-video-preview":"max-video-preview:-1"},"canonical":"https:\/\/tecnomarmisrl.it\/en\/","og_locale":"en_US","og_type":"article","og_title":"Granite and Marble Solutions and Projects - Tecnomarmi","og_description":"Thanks to the technologies and workforce we have in Tecnomarmi, we can realize multiple Granite and Marble Solutions and Projects.","og_url":"https:\/\/tecnomarmisrl.it\/en\/","og_site_name":"Tecnomarmi","article_modified_time":"2021-03-25T14:15:43+00:00","twitter_card":"summary_large_image","twitter_misc":{"Est. reading time":"2 minutes"},"schema":{"@context":"https:\/\/schema.org","@graph":[{"@type":"WebPage","@id":"https:\/\/tecnomarmisrl.it\/en\/","url":"https:\/\/tecnomarmisrl.it\/en\/","name":"Granite and Marble Solutions and Projects - Tecnomarmi","isPartOf":{"@id":"https:\/\/tecnomarmisrl.it\/#website"},"datePublished":"2020-11-18T10:15:21+00:00","dateModified":"2021-03-25T14:15:43+00:00","description":"Thanks to the technologies and workforce we have in Tecnomarmi, we can realize multiple Granite and Marble Solutions and Projects.","breadcrumb":{"@id":"https:\/\/tecnomarmisrl.it\/en\/#breadcrumb"},"inLanguage":"en-US","potentialAction":[{"@type":"ReadAction","target":["https:\/\/tecnomarmisrl.it\/en\/"]}]},{"@type":"BreadcrumbList","@id":"https:\/\/tecnomarmisrl.it\/en\/#breadcrumb","itemListElement":[{"@type":"ListItem","position":1,"name":"Home","item":"https:\/\/tecnomarmisrl.it\/en\/"},{"@type":"ListItem","position":2,"name":"Home"}]},{"@type":"WebSite","@id":"https:\/\/tecnomarmisrl.it\/#website","url":"https:\/\/tecnomarmisrl.it\/","name":"Tecnomarmi","description":"","potentialAction":[{"@type":"SearchAction","target":{"@type":"EntryPoint","urlTemplate":"https:\/\/tecnomarmisrl.it\/?s={search_term_string}"},"query-input":{"@type":"PropertyValueSpecification","valueRequired":true,"valueName":"search_term_string"}}],"inLanguage":"en-US"}]}},"_links":{"self":[{"href":"https:\/\/tecnomarmisrl.it\/en\/wp-json\/wp\/v2\/pages\/2590","targetHints":{"allow":["GET"]}}],"collection":[{"href":"https:\/\/tecnomarmisrl.it\/en\/wp-json\/wp\/v2\/pages"}],"about":[{"href":"https:\/\/tecnomarmisrl.it\/en\/wp-json\/wp\/v2\/types\/page"}],"author":[{"embeddable":true,"href":"https:\/\/tecnomarmisrl.it\/en\/wp-json\/wp\/v2\/users\/1"}],"replies":[{"embeddable":true,"href":"https:\/\/tecnomarmisrl.it\/en\/wp-json\/wp\/v2\/comments?post=2590"}],"version-history":[{"count":6,"href":"https:\/\/tecnomarmisrl.it\/en\/wp-json\/wp\/v2\/pages\/2590\/revisions"}],"predecessor-version":[{"id":2827,"href":"https:\/\/tecnomarmisrl.it\/en\/wp-json\/wp\/v2\/pages\/2590\/revisions\/2827"}],"wp:attachment":[{"href":"https:\/\/tecnomarmisrl.it\/en\/wp-json\/wp\/v2\/media?parent=2590"}],"curies":[{"name":"wp","href":"https:\/\/api.w.org\/{rel}","templated":true}]}}