{"id":2594,"date":"2021-01-05T21:45:34","date_gmt":"2021-01-05T20:45:34","guid":{"rendered":"https:\/\/tecnomarmisrl.it\/azienda\/"},"modified":"2021-02-10T11:19:29","modified_gmt":"2021-02-10T10:19:29","slug":"company","status":"publish","type":"page","link":"https:\/\/tecnomarmisrl.it\/en\/company\/","title":{"rendered":"Company"},"content":{"rendered":"<p>[et_pb_section fb_built=&#8221;1&#8243; _builder_version=&#8221;4.4.8&#8243; background_color=&#8221;#000000&#8243; background_color_gradient_direction=&#8221;90deg&#8221; custom_padding=&#8221;0px||5px|||&#8221;][et_pb_row _builder_version=&#8221;4.4.8&#8243; custom_padding=&#8221;33px|||||&#8221;][et_pb_column type=&#8221;4_4&#8243; _builder_version=&#8221;4.4.8&#8243;][et_pb_text disabled_on=&#8221;off|off|off&#8221; _builder_version=&#8221;4.4.8&#8243; text_font=&#8221;|300|||||||&#8221; text_line_height=&#8221;1.4em&#8221; header_font_size=&#8221;80px&#8221; header_2_font=&#8221;|700|||||||&#8221; header_2_text_align=&#8221;center&#8221; header_2_font_size=&#8221;50px&#8221; text_orientation=&#8221;center&#8221; custom_margin=&#8221;||24px|||&#8221; header_font_size_tablet=&#8221;&#8221; header_font_size_phone=&#8221;40px&#8221; header_font_size_last_edited=&#8221;on|phone&#8221; header_2_font_size_tablet=&#8221;&#8221; header_2_font_size_phone=&#8221;32px&#8221; header_2_font_size_last_edited=&#8221;on|phone&#8221; locked=&#8221;off&#8221; inline_fonts=&#8221;Roboto&#8221;]<\/p>\n<div class=\"page\" title=\"Page 3\">\n<div class=\"section\">\n<div class=\"layoutArea\">\n<div class=\"column\">\n<div class=\"page\" title=\"Page 5\">\n<div class=\"section\">\n<div class=\"layoutArea\">\n<div class=\"column\">\n<h2><span style=\"font-family: Roboto; font-weight: normal;\">MISSION E VISION<\/span><\/h2>\n<\/div>\n<\/div>\n<\/div>\n<\/div>\n<\/div>\n<\/div>\n<\/div>\n<\/div>\n<p>[\/et_pb_text][\/et_pb_column][\/et_pb_row][\/et_pb_section][et_pb_section fb_built=&#8221;1&#8243; _builder_version=&#8221;4.4.8&#8243; background_color=&#8221;#000000&#8243; background_color_gradient_direction=&#8221;90deg&#8221; custom_padding=&#8221;0px||0px|||&#8221;][et_pb_row column_structure=&#8221;1_2,1_2&#8243; make_equal=&#8221;on&#8221; custom_padding_last_edited=&#8221;on|desktop&#8221; _builder_version=&#8221;4.4.8&#8243; background_color=&#8221;#ffffff&#8221; width=&#8221;100%&#8221; max_width=&#8221;100%&#8221; custom_margin=&#8221;|auto||auto|false|false&#8221; custom_margin_tablet=&#8221;&#8221; custom_margin_phone=&#8221;&#8221; custom_margin_last_edited=&#8221;on|tablet&#8221; custom_padding=&#8221;4%|20%||20%|false|true&#8221; custom_padding_tablet=&#8221;|10%||10%|false|true&#8221; custom_padding_phone=&#8221;&#8221; custom_css_main_element=&#8221;align-items:center;&#8221; border_width_bottom=&#8221;3px&#8221; locked=&#8221;off&#8221;][et_pb_column type=&#8221;1_2&#8243; _builder_version=&#8221;4.4.8&#8243;][et_pb_image src=&#8221;https:\/\/tecnomarmisrl.it\/wp-content\/uploads\/2021\/01\/PROVA-IMG_6040.jpg&#8221; title_text=&#8221;PROVA-IMG_6040&#8243; _builder_version=&#8221;4.4.8&#8243; animation_style=&#8221;slide&#8221; animation_direction=&#8221;left&#8221; animation_delay=&#8221;500ms&#8221; animation_intensity_slide=&#8221;10%&#8221; animation_speed_curve=&#8221;ease-out&#8221;][\/et_pb_image][\/et_pb_column][et_pb_column type=&#8221;1_2&#8243; _builder_version=&#8221;4.4.8&#8243;][et_pb_text _builder_version=&#8221;4.4.8&#8243; text_font=&#8221;|300|||||||&#8221; text_text_color=&#8221;#707070&#8243; header_4_text_color=&#8221;#707070&#8243; width=&#8221;91%&#8221; custom_margin=&#8221;|-83px||31.8%|false|false&#8221; custom_margin_tablet=&#8221;|||0%|false|false&#8221; custom_margin_phone=&#8221;16px||16px||true|false&#8221; custom_margin_last_edited=&#8221;on|phone&#8221; custom_padding=&#8221;0px||0px||false|false&#8221; text_font_size_tablet=&#8221;16px&#8221; text_font_size_phone=&#8221;&#8221; text_font_size_last_edited=&#8221;on|tablet&#8221; locked=&#8221;off&#8221;]<\/p>\n<h2 class=\"page\" title=\"Page 6\" style=\"text-align: justify;\"><strong><span color=\"#000000\" style=\"color: #000000;\"><span style=\"caret-color: #000000;\">COMPANY<\/span><\/span>  <\/strong><\/h2>\n<p style=\"text-align: justify;\"><strong><\/strong><\/p>\n<p style=\"text-align: justify;\"><strong><\/strong><\/p>\n<div class=\"page\" title=\"Page 6\" style=\"text-align: justify;\"><span style=\"font-size: 14px;\"><\/span><\/div>\n<div class=\"page\" title=\"Page 6\" style=\"text-align: justify;\"><span style=\"font-size: 14px;\"><\/span><\/div>\n<div class=\"page\" title=\"Page 6\" style=\"text-align: justify;\"><span style=\"font-size: 14px;\"><\/span><\/div>\n<div class=\"page\" title=\"Page 6\" style=\"text-align: justify;\"><span style=\"font-size: 14px;\"><\/span><\/div>\n<div class=\"page\" title=\"Page 6\" style=\"text-align: justify;\">\n<p><span class=\"Apple-converted-space\" style=\"font-size: 14px;\">Our company starts from the melting of many personal and professional experiences, that during decades brought to life a dynamic and innovative production, that goes beyond traditional methods.<\/span><\/p>\n<div class=\"page\" title=\"Page 6\">\n<div class=\"section\">\n<div class=\"layoutArea\">\n<div class=\"column\"><\/div>\n<\/div>\n<\/div>\n<\/div>\n<\/div>\n<p>[\/et_pb_text][\/et_pb_column][\/et_pb_row][\/et_pb_section][et_pb_section fb_built=&#8221;1&#8243; _builder_version=&#8221;4.4.8&#8243; background_color=&#8221;#000000&#8243; background_color_gradient_direction=&#8221;90deg&#8221; custom_padding=&#8221;0px||0px|||&#8221;][et_pb_row column_structure=&#8221;1_2,1_2&#8243; make_equal=&#8221;on&#8221; custom_padding_last_edited=&#8221;on|desktop&#8221; _builder_version=&#8221;4.4.8&#8243; background_color=&#8221;#ffffff&#8221; width=&#8221;100%&#8221; max_width=&#8221;100%&#8221; custom_margin=&#8221;0%|auto||auto|false|false&#8221; custom_margin_tablet=&#8221;&#8221; custom_margin_phone=&#8221;&#8221; custom_margin_last_edited=&#8221;on|tablet&#8221; custom_padding=&#8221;4%|20%||20%|false|true&#8221; custom_padding_tablet=&#8221;|10%||10%|false|true&#8221; custom_padding_phone=&#8221;&#8221; custom_css_main_element=&#8221;align-items:center;&#8221; border_width_bottom=&#8221;3px&#8221; locked=&#8221;off&#8221;][et_pb_column type=&#8221;1_2&#8243; _builder_version=&#8221;4.4.8&#8243;][et_pb_image src=&#8221;https:\/\/tecnomarmisrl.it\/wp-content\/uploads\/2021\/01\/IMG_604EEEE0.jpg&#8221; title_text=&#8221;IMG_604EEEE0&#8243; _builder_version=&#8221;4.4.8&#8243; animation_style=&#8221;slide&#8221; animation_direction=&#8221;left&#8221; animation_delay=&#8221;500ms&#8221; animation_intensity_slide=&#8221;10%&#8221; animation_speed_curve=&#8221;ease-out&#8221;][\/et_pb_image][\/et_pb_column][et_pb_column type=&#8221;1_2&#8243; _builder_version=&#8221;4.4.8&#8243;][et_pb_text _builder_version=&#8221;4.4.8&#8243; text_font=&#8221;|300|||||||&#8221; text_text_color=&#8221;#707070&#8243; header_4_text_color=&#8221;#707070&#8243; width=&#8221;91%&#8221; custom_margin=&#8221;|-83px||31.8%|false|false&#8221; custom_margin_tablet=&#8221;|||0%|false|false&#8221; custom_margin_phone=&#8221;16px||16px||true|false&#8221; custom_margin_last_edited=&#8221;on|phone&#8221; custom_padding=&#8221;0px||0px||false|false&#8221; text_font_size_tablet=&#8221;16px&#8221; text_font_size_phone=&#8221;&#8221; text_font_size_last_edited=&#8221;on|tablet&#8221; locked=&#8221;off&#8221;]<\/p>\n<h2 class=\"page\" title=\"Page 6\" style=\"text-align: justify;\"> <strong><span style=\"color: #000000;\">OUR LAND<br \/><\/span><\/strong><strong><span style=\"color: #000000;\">OUR HISTORY<\/span><\/strong> <\/h2>\n<p style=\"text-align: justify;\"><strong><\/strong><\/p>\n<p style=\"text-align: justify;\"><strong><\/strong><\/p>\n<div class=\"page\" title=\"Page 6\" style=\"text-align: justify;\"><span style=\"font-size: 14px;\"><\/span><\/div>\n<div class=\"page\" title=\"Page 6\" style=\"text-align: justify;\"><span style=\"font-size: 14px;\"><\/span><\/div>\n<div class=\"page\" title=\"Page 6\" style=\"text-align: justify;\"><span style=\"font-size: 14px;\"><\/span><\/div>\n<div class=\"page\" title=\"Page 6\" style=\"text-align: justify;\"><span style=\"font-size: 14px;\"><\/span><\/div>\n<div class=\"page\" title=\"Page 6\" style=\"text-align: justify;\">\n<p><span style=\"font-size: 14px;\">The passion for art and beauty that has been transmitted to us from our land, where Tecnomarmi grows.<\/span> <span>We export these excellences all over the world, with pride and dedication.<\/span><\/p>\n<div class=\"page\" title=\"Page 6\">\n<div class=\"section\">\n<div class=\"layoutArea\">\n<div class=\"column\">\n<p>&nbsp;<\/p>\n<\/div>\n<\/div>\n<\/div>\n<\/div>\n<\/div>\n<p>[\/et_pb_text][\/et_pb_column][\/et_pb_row][\/et_pb_section][et_pb_section fb_built=&#8221;1&#8243; _builder_version=&#8221;4.4.8&#8243; background_color=&#8221;#000000&#8243; background_color_gradient_direction=&#8221;90deg&#8221; custom_padding=&#8221;0px||0px|||&#8221;][et_pb_row column_structure=&#8221;1_2,1_2&#8243; make_equal=&#8221;on&#8221; custom_padding_last_edited=&#8221;on|desktop&#8221; _builder_version=&#8221;4.4.8&#8243; background_color=&#8221;#ffffff&#8221; width=&#8221;100%&#8221; max_width=&#8221;100%&#8221; custom_margin=&#8221;|auto||auto|false|false&#8221; custom_margin_tablet=&#8221;&#8221; custom_margin_phone=&#8221;&#8221; custom_margin_last_edited=&#8221;on|tablet&#8221; custom_padding=&#8221;4%|20%||20%|false|true&#8221; custom_padding_tablet=&#8221;|10%||10%|false|true&#8221; custom_padding_phone=&#8221;&#8221; custom_css_main_element=&#8221;align-items:center;&#8221; border_width_bottom=&#8221;3px&#8221; locked=&#8221;off&#8221;][et_pb_column type=&#8221;1_2&#8243; _builder_version=&#8221;4.4.8&#8243;][et_pb_image src=&#8221;https:\/\/tecnomarmisrl.it\/wp-content\/uploads\/2021\/01\/IMG_6040.jpg&#8221; title_text=&#8221;IMG_6040&#8243; _builder_version=&#8221;4.4.8&#8243; animation_style=&#8221;slide&#8221; animation_direction=&#8221;left&#8221; animation_delay=&#8221;500ms&#8221; animation_intensity_slide=&#8221;10%&#8221; animation_speed_curve=&#8221;ease-out&#8221;][\/et_pb_image][\/et_pb_column][et_pb_column type=&#8221;1_2&#8243; _builder_version=&#8221;4.4.8&#8243;][et_pb_text _builder_version=&#8221;4.4.8&#8243; text_font=&#8221;|300|||||||&#8221; text_text_color=&#8221;#707070&#8243; header_4_text_color=&#8221;#707070&#8243; width=&#8221;91%&#8221; custom_margin=&#8221;|-83px||31.8%|false|false&#8221; custom_margin_tablet=&#8221;|||0%|false|false&#8221; custom_margin_phone=&#8221;16px||16px||true|false&#8221; custom_margin_last_edited=&#8221;on|phone&#8221; custom_padding=&#8221;0px||0px||false|false&#8221; text_font_size_tablet=&#8221;16px&#8221; text_font_size_phone=&#8221;&#8221; text_font_size_last_edited=&#8221;on|tablet&#8221; locked=&#8221;off&#8221;]<\/p>\n<h2 class=\"page\" title=\"Page 6\" style=\"text-align: justify;\"><strong><span style=\"color: #000000;\">RELATIONSHIPS<\/span><\/strong><\/h2>\n<p style=\"text-align: justify;\"><strong><\/strong><\/p>\n<p style=\"text-align: justify;\"><strong><\/strong><\/p>\n<div class=\"page\" title=\"Page 6\" style=\"text-align: justify;\"><span style=\"font-size: 14px;\"><\/span><\/div>\n<div class=\"page\" title=\"Page 6\" style=\"text-align: justify;\"><span style=\"font-size: 14px;\"><\/span><\/div>\n<div class=\"page\" title=\"Page 6\" style=\"text-align: justify;\"><span style=\"font-size: 14px;\"><\/span><\/div>\n<div class=\"page\" title=\"Page 6\" style=\"text-align: justify;\"><span style=\"font-size: 14px;\"><\/span><\/div>\n<div class=\"page\" title=\"Page 6\" style=\"text-align: justify;\">\n<p><span style=\"font-size: 14px;\">The strong point of our company is to create synergy with clients, to get the best results in all projects. With great satisfaction, at the end of every realization, each client becomes part of our history.<\/span> <\/p>\n<div class=\"page\" title=\"Page 6\">\n<div class=\"section\">\n<div class=\"layoutArea\">\n<div class=\"column\"><\/div>\n<\/div>\n<\/div>\n<\/div>\n<\/div>\n<p>[\/et_pb_text][\/et_pb_column][\/et_pb_row][\/et_pb_section][et_pb_section fb_built=&#8221;1&#8243; _builder_version=&#8221;4.4.8&#8243; background_color=&#8221;#000000&#8243; background_color_gradient_direction=&#8221;90deg&#8221; custom_padding=&#8221;0px||0px|||&#8221;][et_pb_row column_structure=&#8221;1_2,1_2&#8243; make_equal=&#8221;on&#8221; custom_padding_last_edited=&#8221;on|desktop&#8221; _builder_version=&#8221;4.4.8&#8243; background_color=&#8221;#ffffff&#8221; width=&#8221;100%&#8221; max_width=&#8221;100%&#8221; custom_margin=&#8221;|auto||auto|false|false&#8221; custom_margin_tablet=&#8221;&#8221; custom_margin_phone=&#8221;&#8221; custom_margin_last_edited=&#8221;on|phone&#8221; custom_padding=&#8221;4%|20%||20%|false|true&#8221; custom_padding_tablet=&#8221;|10%||10%|false|true&#8221; custom_padding_phone=&#8221;&#8221; custom_css_main_element=&#8221;align-items:center;&#8221; locked=&#8221;off&#8221;][et_pb_column type=&#8221;1_2&#8243; _builder_version=&#8221;4.4.8&#8243;][et_pb_image src=&#8221;https:\/\/tecnomarmisrl.it\/wp-content\/uploads\/2021\/01\/IMG_60ERERRE40.jpg&#8221; title_text=&#8221;IMG_60ERERRE40&#8243; _builder_version=&#8221;4.4.8&#8243; animation_style=&#8221;slide&#8221; animation_direction=&#8221;left&#8221; animation_delay=&#8221;500ms&#8221; animation_intensity_slide=&#8221;10%&#8221; animation_speed_curve=&#8221;ease-out&#8221;][\/et_pb_image][\/et_pb_column][et_pb_column type=&#8221;1_2&#8243; _builder_version=&#8221;4.4.8&#8243;][et_pb_text _builder_version=&#8221;4.4.8&#8243; text_font=&#8221;|300|||||||&#8221; text_text_color=&#8221;#707070&#8243; header_4_text_color=&#8221;#707070&#8243; width=&#8221;91%&#8221; custom_margin=&#8221;67px|-83px|62px|31.8%|false|false&#8221; custom_margin_tablet=&#8221;|||0%|false|false&#8221; custom_margin_phone=&#8221;16px||16px||true|false&#8221; custom_margin_last_edited=&#8221;on|phone&#8221; custom_padding=&#8221;0px||0px||false|false&#8221; text_font_size_tablet=&#8221;16px&#8221; text_font_size_phone=&#8221;&#8221; text_font_size_last_edited=&#8221;on|tablet&#8221; locked=&#8221;off&#8221;]<\/p>\n<h2 class=\"page\" title=\"Page 6\" style=\"text-align: left;\"><span style=\"color: #000000;\">TECHNOLOGY AND INNOVATION<\/span><\/h2>\n<p style=\"text-align: justify;\"><strong><\/strong><\/p>\n<p style=\"text-align: justify;\"><strong><\/strong><\/p>\n<div class=\"page\" title=\"Page 6\" style=\"text-align: justify;\"><span style=\"font-size: 14px;\"><\/span><\/div>\n<div class=\"page\" title=\"Page 6\" style=\"text-align: justify;\"><span style=\"font-size: 14px;\"><\/span><\/div>\n<div class=\"page\" title=\"Page 6\" style=\"text-align: justify;\"><span style=\"font-size: 14px;\"><\/span><\/div>\n<div class=\"page\" title=\"Page 6\" style=\"text-align: justify;\"><span style=\"font-size: 14px;\"><\/span><\/div>\n<div class=\"page\" title=\"Page 6\" style=\"text-align: justify;\">\n<p><span><span class=\"Apple-converted-space\">The continuous research for satisfying all clients, always made us to invest in modern technologies, with last generation machinery and software, added to the active collaboration of highly qualified workers.<\/span><\/span><\/p>\n<div class=\"page\" title=\"Page 6\">\n<div class=\"section\">\n<div class=\"layoutArea\">\n<div class=\"column\">\n<p>&nbsp;<\/p>\n<\/div>\n<\/div>\n<\/div>\n<\/div>\n<\/div>\n<p>[\/et_pb_text][\/et_pb_column][\/et_pb_row][\/et_pb_section][et_pb_section fb_built=&#8221;1&#8243; _builder_version=&#8221;4.4.8&#8243; custom_padding=&#8221;0px||0px|||&#8221;][et_pb_row custom_padding_last_edited=&#8221;on|tablet&#8221; _builder_version=&#8221;4.4.8&#8243; custom_padding=&#8221;97px|||||&#8221; custom_padding_tablet=&#8221;0px||||false|false&#8221; custom_padding_phone=&#8221;&#8221;][et_pb_column type=&#8221;4_4&#8243; _builder_version=&#8221;4.4.8&#8243;][et_pb_text _builder_version=&#8221;4.4.8&#8243; custom_padding=&#8221;||||false|false&#8221; custom_padding_tablet=&#8221;5%||||false|false&#8221; custom_padding_phone=&#8221;&#8221; custom_padding_last_edited=&#8221;on|phone&#8221;]<\/p>\n<h3 style=\"text-align: center;\"><span style=\"color: #000000;\">DISCOVER <\/span><\/h3>\n<p>[\/et_pb_text][\/et_pb_column][\/et_pb_row][\/et_pb_section][et_pb_section fb_built=&#8221;1&#8243; _builder_version=&#8221;4.4.8&#8243;][et_pb_row column_structure=&#8221;1_2,1_2&#8243; _builder_version=&#8221;4.4.8&#8243; locked=&#8221;off&#8221;][et_pb_column type=&#8221;1_2&#8243; _builder_version=&#8221;4.4.8&#8243;][et_pb_image src=&#8221;https:\/\/tecnomarmisrl.it\/wp-content\/uploads\/2021\/01\/1200.jpg&#8221; title_text=&#8221;1200&#8243; _builder_version=&#8221;4.4.8&#8243;][\/et_pb_image][et_pb_text _builder_version=&#8221;4.4.8&#8243;]<\/p>\n<h2 style=\"text-align: center;\"><span style=\"color: #000000;\">PRODUCTION<\/span><\/h2>\n<p>[\/et_pb_text][\/et_pb_column][et_pb_column type=&#8221;1_2&#8243; _builder_version=&#8221;4.4.8&#8243;][et_pb_image src=&#8221;https:\/\/tecnomarmisrl.it\/wp-content\/uploads\/2021\/01\/1200-1.jpg&#8221; title_text=&#8221;1200&#8243; url=&#8221;@ET-DC@eyJkeW5hbWljIjp0cnVlLCJjb250ZW50IjoicG9zdF9saW5rX3VybF9wYWdlIiwic2V0dGluZ3MiOnsicG9zdF9pZCI6IjEyODIifX0=@&#8221; _builder_version=&#8221;4.4.8&#8243; _dynamic_attributes=&#8221;url&#8221;][\/et_pb_image][et_pb_text _builder_version=&#8221;4.4.8&#8243; link_option_url=&#8221;https:\/\/tecnomarmisrl.it\/azienda\/&#8221;]<\/p>\n<h2 style=\"text-align: center;\"><span style=\"color: #000000;\">SHOWROOM<\/span><\/h2>\n<p>[\/et_pb_text][\/et_pb_column][\/et_pb_row][\/et_pb_section]<\/p>\n","protected":false},"excerpt":{"rendered":"<p>MISSION E VISION COMPANY Our company starts from the melting of many personal and professional experiences, that during decades brought to life a dynamic and innovative production, that goes beyond traditional methods. OUR LANDOUR HISTORY The passion for art and beauty that has been transmitted to us from our land, where Tecnomarmi grows. We export [&hellip;]<\/p>\n","protected":false},"author":2,"featured_media":0,"parent":0,"menu_order":0,"comment_status":"closed","ping_status":"closed","template":"","meta":{"_acf_changed":false,"_et_pb_use_builder":"on","_et_pb_old_content":"<!-- wp:paragraph -->\r\n<p>Questa \u00e8 una pagina di esempio. Differisce da un articolo di un blog perch\u00e9 rimane sempre allo stesso posto e (in molti temi) appare nel menu di navigazione. Molte persone iniziano con una pagina di Informazioni che li presentano ai visitatori del sito. Potrebbe apparire una presentazione del tipo:<\/p>\r\n<!-- \/wp:paragraph -->\r\n\r\n<!-- wp:quote -->\r\n<blockquote class=\"wp-block-quote\"><p>Ciao! Sono un fattorino ciclista di giorno, aspirante attore di notte e questo \u00e8 il mio sito web. Vivo a Los Angeles, ho un grande cane di nome Jack e mi piace la pi\u00f1a colada. (E prendere la pioggia)<\/p><\/blockquote>\r\n<!-- \/wp:quote -->\r\n\r\n<!-- wp:paragraph -->\r\n<p>...o qualcosa di simile:<\/p>\r\n<!-- \/wp:paragraph -->\r\n\r\n<!-- wp:quote -->\r\n<blockquote class=\"wp-block-quote\"><p>La Societ\u00e0 XYZ Aggeggi \u00e8 stata fondata nel 1971 e da allora fornisce al pubblico aggeggi di ottima qualit\u00e0. Situata a Fantasilandia, XYZ impiega oltre 2.000 persone e realizza ogni sorta di aggeggio fantastico per la comunit\u00e0 di Fantasilandia.<\/p><\/blockquote>\r\n<!-- \/wp:quote -->\r\n\r\n<!-- wp:paragraph -->\r\n<p>Come nuovo utente di WordPress, dovresti andare nella tua <a href=\"http:\/\/tecnomarmisrl.it\/wp-admin\/\">Bacheca<\/a> per eliminare questa pagina, e crearne delle nuove per i tuoi contenuti. Divertiti!<\/p>\r\n<!-- \/wp:paragraph -->","_et_gb_content_width":"","footnotes":""},"class_list":["post-2594","page","type-page","status-publish","hentry"],"acf":[],"yoast_head":"<!-- This site is optimized with the Yoast SEO plugin v25.4 - https:\/\/yoast.com\/wordpress\/plugins\/seo\/ -->\n<title>Tecnomarmi: Innovative Marble Solutions | Our Company<\/title>\n<meta name=\"description\" content=\"Tecnomarmi starts from the melting of many personal and professional experiences, that brought to life a dynamic and innovative production\" \/>\n<meta name=\"robots\" content=\"index, follow, max-snippet:-1, max-image-preview:large, max-video-preview:-1\" \/>\n<link rel=\"canonical\" href=\"https:\/\/tecnomarmisrl.it\/en\/company\/\" \/>\n<meta property=\"og:locale\" content=\"en_US\" \/>\n<meta property=\"og:type\" content=\"article\" \/>\n<meta property=\"og:title\" content=\"Tecnomarmi: Innovative Marble Solutions | Our Company\" \/>\n<meta property=\"og:description\" content=\"Tecnomarmi starts from the melting of many personal and professional experiences, that brought to life a dynamic and innovative production\" \/>\n<meta property=\"og:url\" content=\"https:\/\/tecnomarmisrl.it\/en\/company\/\" \/>\n<meta property=\"og:site_name\" content=\"Tecnomarmi\" \/>\n<meta property=\"article:modified_time\" content=\"2021-02-10T10:19:29+00:00\" \/>\n<meta name=\"twitter:card\" content=\"summary_large_image\" \/>\n<meta name=\"twitter:label1\" content=\"Est. reading time\" \/>\n\t<meta name=\"twitter:data1\" content=\"6 minutes\" \/>\n<script type=\"application\/ld+json\" class=\"yoast-schema-graph\">{\"@context\":\"https:\/\/schema.org\",\"@graph\":[{\"@type\":\"WebPage\",\"@id\":\"https:\/\/tecnomarmisrl.it\/en\/company\/\",\"url\":\"https:\/\/tecnomarmisrl.it\/en\/company\/\",\"name\":\"Tecnomarmi: Innovative Marble Solutions | Our Company\",\"isPartOf\":{\"@id\":\"https:\/\/tecnomarmisrl.it\/#website\"},\"datePublished\":\"2021-01-05T20:45:34+00:00\",\"dateModified\":\"2021-02-10T10:19:29+00:00\",\"description\":\"Tecnomarmi starts from the melting of many personal and professional experiences, that brought to life a dynamic and innovative production\",\"breadcrumb\":{\"@id\":\"https:\/\/tecnomarmisrl.it\/en\/company\/#breadcrumb\"},\"inLanguage\":\"en-US\",\"potentialAction\":[{\"@type\":\"ReadAction\",\"target\":[\"https:\/\/tecnomarmisrl.it\/en\/company\/\"]}]},{\"@type\":\"BreadcrumbList\",\"@id\":\"https:\/\/tecnomarmisrl.it\/en\/company\/#breadcrumb\",\"itemListElement\":[{\"@type\":\"ListItem\",\"position\":1,\"name\":\"Home\",\"item\":\"https:\/\/tecnomarmisrl.it\/en\/\"},{\"@type\":\"ListItem\",\"position\":2,\"name\":\"Company\"}]},{\"@type\":\"WebSite\",\"@id\":\"https:\/\/tecnomarmisrl.it\/#website\",\"url\":\"https:\/\/tecnomarmisrl.it\/\",\"name\":\"Tecnomarmi\",\"description\":\"\",\"potentialAction\":[{\"@type\":\"SearchAction\",\"target\":{\"@type\":\"EntryPoint\",\"urlTemplate\":\"https:\/\/tecnomarmisrl.it\/?s={search_term_string}\"},\"query-input\":{\"@type\":\"PropertyValueSpecification\",\"valueRequired\":true,\"valueName\":\"search_term_string\"}}],\"inLanguage\":\"en-US\"}]}<\/script>\n<!-- \/ Yoast SEO plugin. -->","yoast_head_json":{"title":"Tecnomarmi: Innovative Marble Solutions | Our Company","description":"Tecnomarmi starts from the melting of many personal and professional experiences, that brought to life a dynamic and innovative production","robots":{"index":"index","follow":"follow","max-snippet":"max-snippet:-1","max-image-preview":"max-image-preview:large","max-video-preview":"max-video-preview:-1"},"canonical":"https:\/\/tecnomarmisrl.it\/en\/company\/","og_locale":"en_US","og_type":"article","og_title":"Tecnomarmi: Innovative Marble Solutions | Our Company","og_description":"Tecnomarmi starts from the melting of many personal and professional experiences, that brought to life a dynamic and innovative production","og_url":"https:\/\/tecnomarmisrl.it\/en\/company\/","og_site_name":"Tecnomarmi","article_modified_time":"2021-02-10T10:19:29+00:00","twitter_card":"summary_large_image","twitter_misc":{"Est. reading time":"6 minutes"},"schema":{"@context":"https:\/\/schema.org","@graph":[{"@type":"WebPage","@id":"https:\/\/tecnomarmisrl.it\/en\/company\/","url":"https:\/\/tecnomarmisrl.it\/en\/company\/","name":"Tecnomarmi: Innovative Marble Solutions | Our Company","isPartOf":{"@id":"https:\/\/tecnomarmisrl.it\/#website"},"datePublished":"2021-01-05T20:45:34+00:00","dateModified":"2021-02-10T10:19:29+00:00","description":"Tecnomarmi starts from the melting of many personal and professional experiences, that brought to life a dynamic and innovative production","breadcrumb":{"@id":"https:\/\/tecnomarmisrl.it\/en\/company\/#breadcrumb"},"inLanguage":"en-US","potentialAction":[{"@type":"ReadAction","target":["https:\/\/tecnomarmisrl.it\/en\/company\/"]}]},{"@type":"BreadcrumbList","@id":"https:\/\/tecnomarmisrl.it\/en\/company\/#breadcrumb","itemListElement":[{"@type":"ListItem","position":1,"name":"Home","item":"https:\/\/tecnomarmisrl.it\/en\/"},{"@type":"ListItem","position":2,"name":"Company"}]},{"@type":"WebSite","@id":"https:\/\/tecnomarmisrl.it\/#website","url":"https:\/\/tecnomarmisrl.it\/","name":"Tecnomarmi","description":"","potentialAction":[{"@type":"SearchAction","target":{"@type":"EntryPoint","urlTemplate":"https:\/\/tecnomarmisrl.it\/?s={search_term_string}"},"query-input":{"@type":"PropertyValueSpecification","valueRequired":true,"valueName":"search_term_string"}}],"inLanguage":"en-US"}]}},"_links":{"self":[{"href":"https:\/\/tecnomarmisrl.it\/en\/wp-json\/wp\/v2\/pages\/2594","targetHints":{"allow":["GET"]}}],"collection":[{"href":"https:\/\/tecnomarmisrl.it\/en\/wp-json\/wp\/v2\/pages"}],"about":[{"href":"https:\/\/tecnomarmisrl.it\/en\/wp-json\/wp\/v2\/types\/page"}],"author":[{"embeddable":true,"href":"https:\/\/tecnomarmisrl.it\/en\/wp-json\/wp\/v2\/users\/2"}],"replies":[{"embeddable":true,"href":"https:\/\/tecnomarmisrl.it\/en\/wp-json\/wp\/v2\/comments?post=2594"}],"version-history":[{"count":2,"href":"https:\/\/tecnomarmisrl.it\/en\/wp-json\/wp\/v2\/pages\/2594\/revisions"}],"predecessor-version":[{"id":2633,"href":"https:\/\/tecnomarmisrl.it\/en\/wp-json\/wp\/v2\/pages\/2594\/revisions\/2633"}],"wp:attachment":[{"href":"https:\/\/tecnomarmisrl.it\/en\/wp-json\/wp\/v2\/media?parent=2594"}],"curies":[{"name":"wp","href":"https:\/\/api.w.org\/{rel}","templated":true}]}}