{"id":2608,"date":"2020-12-10T17:50:46","date_gmt":"2020-12-10T16:50:46","guid":{"rendered":"https:\/\/tecnomarmisrl.it\/progetti\/"},"modified":"2021-03-29T14:23:41","modified_gmt":"2021-03-29T12:23:41","slug":"projects","status":"publish","type":"page","link":"https:\/\/tecnomarmisrl.it\/en\/projects\/","title":{"rendered":"Projects"},"content":{"rendered":"<p>[et_pb_section fb_built=&#8221;1&#8243; _builder_version=&#8221;4.4.8&#8243; background_color=&#8221;#000000&#8243; custom_padding=&#8221;||3px|||&#8221;][et_pb_row _builder_version=&#8221;4.4.8&#8243; custom_padding=&#8221;3px||50px||false|false&#8221; animation_style=&#8221;fade&#8221; animation_direction=&#8221;left&#8221; animation_delay=&#8221;500ms&#8221;][et_pb_column type=&#8221;4_4&#8243; _builder_version=&#8221;4.4.8&#8243;][et_pb_text disabled_on=&#8221;off|off|off&#8221; _builder_version=&#8221;4.4.8&#8243; text_font=&#8221;|300|||||||&#8221; text_line_height=&#8221;1.4em&#8221; header_font_size=&#8221;80px&#8221; header_2_font=&#8221;|700|||||||&#8221; header_2_text_align=&#8221;center&#8221; header_2_font_size=&#8221;50px&#8221; text_orientation=&#8221;center&#8221; custom_margin=&#8221;||24px|||&#8221; header_font_size_tablet=&#8221;&#8221; header_font_size_phone=&#8221;40px&#8221; header_font_size_last_edited=&#8221;on|phone&#8221; header_2_font_size_tablet=&#8221;40px&#8221; header_2_font_size_phone=&#8221;30px&#8221; header_2_font_size_last_edited=&#8221;on|phone&#8221;]<\/p>\n<div class=\"page\" title=\"Page 3\">\n<div class=\"section\">\n<div class=\"layoutArea\">\n<div class=\"column\">\n<div class=\"page\" title=\"Page 5\">\n<div class=\"section\">\n<div class=\"layoutArea\">\n<div class=\"column\">\n<h2>PROJECTS<\/h2>\n<\/div>\n<\/div>\n<\/div>\n<\/div>\n<\/div>\n<\/div>\n<\/div>\n<\/div>\n<p>[\/et_pb_text][\/et_pb_column][\/et_pb_row][\/et_pb_section][et_pb_section fb_built=&#8221;1&#8243; _builder_version=&#8221;4.4.8&#8243; background_color=&#8221;#000000&#8243; background_color_gradient_direction=&#8221;-90deg&#8221; custom_padding=&#8221;4px||3px|||&#8221;][et_pb_row _builder_version=&#8221;4.4.8&#8243;][et_pb_column type=&#8221;4_4&#8243; _builder_version=&#8221;4.4.8&#8243;][et_pb_blurb title=&#8221;BATHROOMS&#8221; content_max_width_tablet=&#8221;401px&#8221; content_max_width_last_edited=&#8221;off|tablet&#8221; _builder_version=&#8221;4.4.8&#8243; header_font=&#8221;|300|||||||&#8221; header_text_align=&#8221;center&#8221; header_font_size=&#8221;40px&#8221; background_enable_color=&#8221;off&#8221; use_background_color_gradient=&#8221;on&#8221; background_color_gradient_start=&#8221;rgba(0,0,0,0)&#8221; background_color_gradient_end=&#8221;rgba(0,0,0,0)&#8221; background_color_gradient_overlays_image=&#8221;on&#8221; background_image=&#8221;https:\/\/tecnomarmisrl.it\/wp-content\/uploads\/2021\/01\/P2A6872.jpg&#8221; custom_margin=&#8221;|19%||19%|false|true&#8221; custom_margin_tablet=&#8221;|8%||8%|false|true&#8221; custom_margin_phone=&#8221;|4%||4%|false|true&#8221; custom_margin_last_edited=&#8221;on|desktop&#8221; custom_padding=&#8221;18%||18%||true|false&#8221; custom_padding_tablet=&#8221;28%||28%||true|false&#8221; custom_padding_phone=&#8221;24%||24%||true|false&#8221; custom_padding_last_edited=&#8221;on|tablet&#8221; animation_style=&#8221;fade&#8221; animation_duration=&#8221;1300ms&#8221; hover_transition_duration=&#8221;750ms&#8221; hover_transition_delay=&#8221;50ms&#8221; hover_transition_speed_curve=&#8221;ease-in-out&#8221; link_option_url=&#8221;https:\/\/tecnomarmisrl.it\/en\/projects\/bathrooms\/&#8221; header_font_size_tablet=&#8221;&#8221; header_font_size_phone=&#8221;20px&#8221; header_font_size_last_edited=&#8221;on|phone&#8221; header_text_shadow_style=&#8221;preset2&#8243; filter_opacity__hover_enabled=&#8221;on|hover&#8221; filter_opacity__hover=&#8221;100%&#8221; background__hover_enabled=&#8221;on|hover&#8221; background_color__hover=&#8221;rgba(0,0,0,0.45)&#8221; background_enable_color__hover=&#8221;on&#8221; background_color_gradient_start__hover=&#8221;rgba(0,0,0,0.5)&#8221; null__hover=&#8221;rgba(0,0,0,0.5)&#8221; background_color_gradient_end__hover=&#8221;rgba(0,0,0,0.5)&#8221;][\/et_pb_blurb][\/et_pb_column][\/et_pb_row][et_pb_row _builder_version=&#8221;4.4.8&#8243;][et_pb_column type=&#8221;4_4&#8243; _builder_version=&#8221;4.4.8&#8243;][et_pb_blurb title=&#8221;KITCHENS&#8221; _builder_version=&#8221;4.4.8&#8243; header_font=&#8221;|300|||||||&#8221; header_text_align=&#8221;center&#8221; header_font_size=&#8221;40px&#8221; background_enable_color=&#8221;off&#8221; use_background_color_gradient=&#8221;on&#8221; background_color_gradient_start=&#8221;rgba(0,0,0,0)&#8221; background_color_gradient_end=&#8221;rgba(0,0,0,0)&#8221; background_color_gradient_overlays_image=&#8221;on&#8221; background_image=&#8221;https:\/\/tecnomarmisrl.it\/wp-content\/uploads\/2021\/01\/P2A6753-Modifica-cucina-nera.jpg&#8221; custom_margin=&#8221;|19%||19%|false|true&#8221; custom_margin_tablet=&#8221;|8%||8%|false|true&#8221; custom_margin_phone=&#8221;|4%||4%|false|true&#8221; custom_margin_last_edited=&#8221;on|phone&#8221; custom_padding=&#8221;18%||18%||true|false&#8221; custom_padding_tablet=&#8221;28%||28%||true|false&#8221; custom_padding_phone=&#8221;24%||24%||true|false&#8221; custom_padding_last_edited=&#8221;on|desktop&#8221; animation_style=&#8221;fade&#8221; animation_duration=&#8221;1300ms&#8221; hover_transition_duration=&#8221;750ms&#8221; hover_transition_delay=&#8221;50ms&#8221; hover_transition_speed_curve=&#8221;ease-in-out&#8221; link_option_url=&#8221;https:\/\/tecnomarmisrl.it\/en\/projects\/kitchen\/&#8221; header_font_size_tablet=&#8221;&#8221; header_font_size_phone=&#8221;20px&#8221; header_font_size_last_edited=&#8221;on|phone&#8221; header_text_shadow_style=&#8221;preset2&#8243; filter_opacity__hover_enabled=&#8221;on|hover&#8221; filter_opacity__hover=&#8221;100%&#8221; background__hover_enabled=&#8221;on|hover&#8221; background_color__hover=&#8221;rgba(0,0,0,0.45)&#8221; background_enable_color__hover=&#8221;on&#8221; background_color_gradient_start__hover=&#8221;rgba(0,0,0,0.5)&#8221; null__hover=&#8221;rgba(0,0,0,0.5)&#8221; background_color_gradient_end__hover=&#8221;rgba(0,0,0,0.5)&#8221;][\/et_pb_blurb][\/et_pb_column][\/et_pb_row][et_pb_row _builder_version=&#8221;4.4.8&#8243;][et_pb_column type=&#8221;4_4&#8243; _builder_version=&#8221;4.4.8&#8243;][et_pb_blurb title=&#8221;FLOORS AND STAIRS&#8221; _builder_version=&#8221;4.4.8&#8243; header_font=&#8221;|300|||||||&#8221; header_text_align=&#8221;center&#8221; header_font_size=&#8221;40px&#8221; background_enable_color=&#8221;off&#8221; use_background_color_gradient=&#8221;on&#8221; background_color_gradient_start=&#8221;rgba(0,0,0,0)&#8221; background_color_gradient_end=&#8221;rgba(0,0,0,0)&#8221; background_color_gradient_overlays_image=&#8221;on&#8221; background_image=&#8221;https:\/\/tecnomarmisrl.it\/wp-content\/uploads\/2021\/01\/COPERTINA-SETTORI-DINTERVENTO-_P2A6872-1.jpg&#8221; custom_margin=&#8221;|19%||19%|false|true&#8221; custom_margin_tablet=&#8221;|8%||8%|false|true&#8221; custom_margin_phone=&#8221;|4%||4%|false|true&#8221; custom_margin_last_edited=&#8221;on|phone&#8221; custom_padding=&#8221;18%||18%||true|false&#8221; custom_padding_tablet=&#8221;28%||28%||true|false&#8221; custom_padding_phone=&#8221;24%||24%||true|false&#8221; custom_padding_last_edited=&#8221;on|tablet&#8221; animation_style=&#8221;fade&#8221; animation_duration=&#8221;1300ms&#8221; hover_transition_duration=&#8221;750ms&#8221; hover_transition_delay=&#8221;50ms&#8221; hover_transition_speed_curve=&#8221;ease-in-out&#8221; link_option_url=&#8221;https:\/\/tecnomarmisrl.it\/en\/projects\/floors-and-stairs\/&#8221; header_font_size_tablet=&#8221;&#8221; header_font_size_phone=&#8221;20px&#8221; header_font_size_last_edited=&#8221;on|phone&#8221; header_text_shadow_style=&#8221;preset2&#8243; filter_opacity__hover_enabled=&#8221;on|hover&#8221; filter_opacity__hover=&#8221;100%&#8221; background__hover_enabled=&#8221;on|hover&#8221; background_color__hover=&#8221;rgba(0,0,0,0.45)&#8221; background_enable_color__hover=&#8221;on&#8221; background_color_gradient_start__hover=&#8221;rgba(0,0,0,0.5)&#8221; null__hover=&#8221;rgba(0,0,0,0.5)&#8221; background_color_gradient_end__hover=&#8221;rgba(0,0,0,0.5)&#8221;][\/et_pb_blurb][\/et_pb_column][\/et_pb_row][et_pb_row _builder_version=&#8221;4.4.8&#8243;][et_pb_column type=&#8221;4_4&#8243; _builder_version=&#8221;4.4.8&#8243;][et_pb_blurb title=&#8221;CONTRACT&#8221; _builder_version=&#8221;4.4.8&#8243; header_font=&#8221;|300|||||||&#8221; header_text_align=&#8221;center&#8221; header_font_size=&#8221;40px&#8221; background_enable_color=&#8221;off&#8221; use_background_color_gradient=&#8221;on&#8221; background_color_gradient_start=&#8221;rgba(0,0,0,0)&#8221; background_color_gradient_end=&#8221;rgba(0,0,0,0)&#8221; background_color_gradient_overlays_image=&#8221;on&#8221; background_image=&#8221;https:\/\/tecnomarmisrl.it\/wp-content\/uploads\/2021\/01\/settori-dintervento-1167.jpg&#8221; custom_margin=&#8221;|19%||19%|false|true&#8221; custom_margin_tablet=&#8221;|8%||8%|false|true&#8221; custom_margin_phone=&#8221;|4%||4%|false|true&#8221; custom_margin_last_edited=&#8221;on|phone&#8221; custom_padding=&#8221;18%||18%||true|false&#8221; custom_padding_tablet=&#8221;28%||28%||true|false&#8221; custom_padding_phone=&#8221;24%||24%||true|false&#8221; custom_padding_last_edited=&#8221;on|tablet&#8221; animation_style=&#8221;fade&#8221; animation_duration=&#8221;1300ms&#8221; hover_transition_duration=&#8221;750ms&#8221; hover_transition_delay=&#8221;50ms&#8221; hover_transition_speed_curve=&#8221;ease-in-out&#8221; link_option_url=&#8221;https:\/\/tecnomarmisrl.it\/en\/projects\/contract\/&#8221; header_font_size_tablet=&#8221;&#8221; header_font_size_phone=&#8221;20px&#8221; header_font_size_last_edited=&#8221;on|phone&#8221; header_text_shadow_style=&#8221;preset2&#8243; filter_opacity__hover_enabled=&#8221;on|hover&#8221; filter_opacity__hover=&#8221;100%&#8221; background__hover_enabled=&#8221;on|hover&#8221; background_color__hover=&#8221;rgba(0,0,0,0.45)&#8221; background_enable_color__hover=&#8221;on&#8221; background_color_gradient_start__hover=&#8221;rgba(0,0,0,0.5)&#8221; null__hover=&#8221;rgba(0,0,0,0.5)&#8221; background_color_gradient_end__hover=&#8221;rgba(0,0,0,0.5)&#8221;][\/et_pb_blurb][\/et_pb_column][\/et_pb_row][et_pb_row _builder_version=&#8221;4.4.8&#8243;][et_pb_column type=&#8221;4_4&#8243; _builder_version=&#8221;4.4.8&#8243;][et_pb_blurb title=&#8221;WALL COVERINGS&#8221; url=&#8221;https:\/\/tecnomarmisrl.it\/en\/wall-coverings\/&#8221; _builder_version=&#8221;4.4.8&#8243; header_font=&#8221;|300|||||||&#8221; header_text_align=&#8221;center&#8221; header_font_size=&#8221;40px&#8221; background_enable_color=&#8221;off&#8221; use_background_color_gradient=&#8221;on&#8221; background_color_gradient_start=&#8221;rgba(0,0,0,0)&#8221; background_color_gradient_end=&#8221;rgba(0,0,0,0)&#8221; background_color_gradient_overlays_image=&#8221;on&#8221; background_image=&#8221;https:\/\/tecnomarmisrl.it\/wp-content\/uploads\/2021\/03\/DSC_0932.jpg&#8221; custom_margin=&#8221;|19%||19%|false|true&#8221; custom_margin_tablet=&#8221;|8%||8%|false|true&#8221; custom_margin_phone=&#8221;|4%||4%|false|true&#8221; custom_margin_last_edited=&#8221;on|phone&#8221; custom_padding=&#8221;18%||18%||true|false&#8221; custom_padding_tablet=&#8221;28%||28%||true|false&#8221; custom_padding_phone=&#8221;24%||24%||true|false&#8221; custom_padding_last_edited=&#8221;on|tablet&#8221; animation_style=&#8221;fade&#8221; animation_duration=&#8221;1300ms&#8221; hover_transition_duration=&#8221;750ms&#8221; hover_transition_delay=&#8221;50ms&#8221; hover_transition_speed_curve=&#8221;ease-in-out&#8221; link_option_url=&#8221;https:\/\/tecnomarmisrl.it\/en\/wall-coverings\/&#8221; header_font_size_tablet=&#8221;&#8221; header_font_size_phone=&#8221;20px&#8221; header_font_size_last_edited=&#8221;on|phone&#8221; header_text_shadow_style=&#8221;preset2&#8243; filter_opacity__hover_enabled=&#8221;on|hover&#8221; filter_opacity__hover=&#8221;100%&#8221; background__hover_enabled=&#8221;on|hover&#8221; background_color__hover=&#8221;rgba(0,0,0,0.45)&#8221; background_enable_color__hover=&#8221;on&#8221; background_color_gradient_start__hover=&#8221;rgba(0,0,0,0.5)&#8221; null__hover=&#8221;rgba(0,0,0,0.5)&#8221; background_color_gradient_end__hover=&#8221;rgba(0,0,0,0.5)&#8221;][\/et_pb_blurb][\/et_pb_column][\/et_pb_row][et_pb_row _builder_version=&#8221;4.4.8&#8243;][et_pb_column type=&#8221;4_4&#8243; _builder_version=&#8221;4.4.8&#8243;][et_pb_blurb title=&#8221;FURNITURE&#8221; url=&#8221;https:\/\/tecnomarmisrl.it\/en\/?page_id=2866&#038;et_fb=1&#038;PageSpeed=off&#8221; _builder_version=&#8221;4.4.8&#8243; header_font=&#8221;|300|||||||&#8221; header_text_align=&#8221;center&#8221; header_font_size=&#8221;40px&#8221; background_enable_color=&#8221;off&#8221; use_background_color_gradient=&#8221;on&#8221; background_color_gradient_start=&#8221;rgba(0,0,0,0)&#8221; background_color_gradient_end=&#8221;rgba(0,0,0,0)&#8221; background_color_gradient_overlays_image=&#8221;on&#8221; background_image=&#8221;https:\/\/tecnomarmisrl.it\/wp-content\/uploads\/2021\/03\/15-1.jpg&#8221; custom_margin=&#8221;|19%||19%|false|true&#8221; custom_margin_tablet=&#8221;|8%||8%|false|true&#8221; custom_margin_phone=&#8221;|4%||4%|false|true&#8221; custom_margin_last_edited=&#8221;on|phone&#8221; custom_padding=&#8221;18%||18%||true|false&#8221; custom_padding_tablet=&#8221;28%||28%||true|false&#8221; custom_padding_phone=&#8221;24%||24%||true|false&#8221; custom_padding_last_edited=&#8221;on|tablet&#8221; animation_style=&#8221;fade&#8221; animation_duration=&#8221;1300ms&#8221; hover_transition_duration=&#8221;750ms&#8221; hover_transition_delay=&#8221;50ms&#8221; hover_transition_speed_curve=&#8221;ease-in-out&#8221; link_option_url=&#8221;https:\/\/tecnomarmisrl.it\/en\/?page_id=2866&#038;et_fb=1&#038;PageSpeed=off&#8221; hover_enabled=&#8221;0&#8243; header_font_size_tablet=&#8221;&#8221; header_font_size_phone=&#8221;20px&#8221; header_font_size_last_edited=&#8221;on|phone&#8221; header_text_shadow_style=&#8221;preset2&#8243; filter_opacity__hover_enabled=&#8221;on|hover&#8221; filter_opacity__hover=&#8221;100%&#8221; background__hover_enabled=&#8221;on|hover&#8221; background_color__hover=&#8221;rgba(0,0,0,0.45)&#8221; background_enable_color__hover=&#8221;on&#8221; background_color_gradient_start__hover=&#8221;rgba(0,0,0,0.5)&#8221; null__hover=&#8221;rgba(0,0,0,0.5)&#8221; background_color_gradient_end__hover=&#8221;rgba(0,0,0,0.5)&#8221; title_text=&#8221;15&#8243;][\/et_pb_blurb][\/et_pb_column][\/et_pb_row][\/et_pb_section][et_pb_section fb_built=&#8221;1&#8243; _builder_version=&#8221;4.4.8&#8243; background_color=&#8221;#000000&#8243; background_color_gradient_direction=&#8221;-90deg&#8221; custom_padding=&#8221;4px||3px|||&#8221;][\/et_pb_section]<\/p>\n","protected":false},"excerpt":{"rendered":"<p>PROJECTS<\/p>\n","protected":false},"author":1,"featured_media":0,"parent":0,"menu_order":0,"comment_status":"closed","ping_status":"closed","template":"","meta":{"_acf_changed":false,"_et_pb_use_builder":"on","_et_pb_old_content":"<!-- wp:paragraph -->\r\n<p>Questa \u00e8 una pagina di esempio. Differisce da un articolo di un blog perch\u00e9 rimane sempre allo stesso posto e (in molti temi) appare nel menu di navigazione. Molte persone iniziano con una pagina di Informazioni che li presentano ai visitatori del sito. Potrebbe apparire una presentazione del tipo:<\/p>\r\n<!-- \/wp:paragraph -->\r\n\r\n<!-- wp:quote -->\r\n<blockquote class=\"wp-block-quote\"><p>Ciao! Sono un fattorino ciclista di giorno, aspirante attore di notte e questo \u00e8 il mio sito web. Vivo a Los Angeles, ho un grande cane di nome Jack e mi piace la pi\u00f1a colada. (E prendere la pioggia)<\/p><\/blockquote>\r\n<!-- \/wp:quote -->\r\n\r\n<!-- wp:paragraph -->\r\n<p>...o qualcosa di simile:<\/p>\r\n<!-- \/wp:paragraph -->\r\n\r\n<!-- wp:quote -->\r\n<blockquote class=\"wp-block-quote\"><p>La Societ\u00e0 XYZ Aggeggi \u00e8 stata fondata nel 1971 e da allora fornisce al pubblico aggeggi di ottima qualit\u00e0. Situata a Fantasilandia, XYZ impiega oltre 2.000 persone e realizza ogni sorta di aggeggio fantastico per la comunit\u00e0 di Fantasilandia.<\/p><\/blockquote>\r\n<!-- \/wp:quote -->\r\n\r\n<!-- wp:paragraph -->\r\n<p>Come nuovo utente di WordPress, dovresti andare nella tua <a href=\"http:\/\/tecnomarmisrl.it\/wp-admin\/\">Bacheca<\/a> per eliminare questa pagina, e crearne delle nuove per i tuoi contenuti. Divertiti!<\/p>\r\n<!-- \/wp:paragraph -->","_et_gb_content_width":"","footnotes":""},"class_list":["post-2608","page","type-page","status-publish","hentry"],"acf":[],"yoast_head":"<!-- This site is optimized with the Yoast SEO plugin v25.4 - https:\/\/yoast.com\/wordpress\/plugins\/seo\/ -->\n<title>Marble and Granite Creations | Our Projects - Tecnomarmi<\/title>\n<meta name=\"description\" content=\"In this section there are all our marble and granite creations. For our projects we use only top quality materials. Find out more\" \/>\n<meta name=\"robots\" content=\"index, follow, max-snippet:-1, max-image-preview:large, max-video-preview:-1\" \/>\n<link rel=\"canonical\" href=\"https:\/\/tecnomarmisrl.it\/en\/projects\/\" \/>\n<meta property=\"og:locale\" content=\"en_US\" \/>\n<meta property=\"og:type\" content=\"article\" \/>\n<meta property=\"og:title\" content=\"Marble and Granite Creations | Our Projects - Tecnomarmi\" \/>\n<meta property=\"og:description\" content=\"In this section there are all our marble and granite creations. For our projects we use only top quality materials. Find out more\" \/>\n<meta property=\"og:url\" content=\"https:\/\/tecnomarmisrl.it\/en\/projects\/\" \/>\n<meta property=\"og:site_name\" content=\"Tecnomarmi\" \/>\n<meta property=\"article:modified_time\" content=\"2021-03-29T12:23:41+00:00\" \/>\n<meta name=\"twitter:card\" content=\"summary_large_image\" \/>\n<meta name=\"twitter:label1\" content=\"Est. reading time\" \/>\n\t<meta name=\"twitter:data1\" content=\"7 minutes\" \/>\n<script type=\"application\/ld+json\" class=\"yoast-schema-graph\">{\"@context\":\"https:\/\/schema.org\",\"@graph\":[{\"@type\":\"WebPage\",\"@id\":\"https:\/\/tecnomarmisrl.it\/en\/projects\/\",\"url\":\"https:\/\/tecnomarmisrl.it\/en\/projects\/\",\"name\":\"Marble and Granite Creations | Our Projects - Tecnomarmi\",\"isPartOf\":{\"@id\":\"https:\/\/tecnomarmisrl.it\/#website\"},\"datePublished\":\"2020-12-10T16:50:46+00:00\",\"dateModified\":\"2021-03-29T12:23:41+00:00\",\"description\":\"In this section there are all our marble and granite creations. For our projects we use only top quality materials. Find out more\",\"breadcrumb\":{\"@id\":\"https:\/\/tecnomarmisrl.it\/en\/projects\/#breadcrumb\"},\"inLanguage\":\"en-US\",\"potentialAction\":[{\"@type\":\"ReadAction\",\"target\":[\"https:\/\/tecnomarmisrl.it\/en\/projects\/\"]}]},{\"@type\":\"BreadcrumbList\",\"@id\":\"https:\/\/tecnomarmisrl.it\/en\/projects\/#breadcrumb\",\"itemListElement\":[{\"@type\":\"ListItem\",\"position\":1,\"name\":\"Home\",\"item\":\"https:\/\/tecnomarmisrl.it\/en\/\"},{\"@type\":\"ListItem\",\"position\":2,\"name\":\"Projects\"}]},{\"@type\":\"WebSite\",\"@id\":\"https:\/\/tecnomarmisrl.it\/#website\",\"url\":\"https:\/\/tecnomarmisrl.it\/\",\"name\":\"Tecnomarmi\",\"description\":\"\",\"potentialAction\":[{\"@type\":\"SearchAction\",\"target\":{\"@type\":\"EntryPoint\",\"urlTemplate\":\"https:\/\/tecnomarmisrl.it\/?s={search_term_string}\"},\"query-input\":{\"@type\":\"PropertyValueSpecification\",\"valueRequired\":true,\"valueName\":\"search_term_string\"}}],\"inLanguage\":\"en-US\"}]}<\/script>\n<!-- \/ Yoast SEO plugin. -->","yoast_head_json":{"title":"Marble and Granite Creations | Our Projects - Tecnomarmi","description":"In this section there are all our marble and granite creations. For our projects we use only top quality materials. Find out more","robots":{"index":"index","follow":"follow","max-snippet":"max-snippet:-1","max-image-preview":"max-image-preview:large","max-video-preview":"max-video-preview:-1"},"canonical":"https:\/\/tecnomarmisrl.it\/en\/projects\/","og_locale":"en_US","og_type":"article","og_title":"Marble and Granite Creations | Our Projects - Tecnomarmi","og_description":"In this section there are all our marble and granite creations. For our projects we use only top quality materials. Find out more","og_url":"https:\/\/tecnomarmisrl.it\/en\/projects\/","og_site_name":"Tecnomarmi","article_modified_time":"2021-03-29T12:23:41+00:00","twitter_card":"summary_large_image","twitter_misc":{"Est. reading time":"7 minutes"},"schema":{"@context":"https:\/\/schema.org","@graph":[{"@type":"WebPage","@id":"https:\/\/tecnomarmisrl.it\/en\/projects\/","url":"https:\/\/tecnomarmisrl.it\/en\/projects\/","name":"Marble and Granite Creations | Our Projects - Tecnomarmi","isPartOf":{"@id":"https:\/\/tecnomarmisrl.it\/#website"},"datePublished":"2020-12-10T16:50:46+00:00","dateModified":"2021-03-29T12:23:41+00:00","description":"In this section there are all our marble and granite creations. For our projects we use only top quality materials. Find out more","breadcrumb":{"@id":"https:\/\/tecnomarmisrl.it\/en\/projects\/#breadcrumb"},"inLanguage":"en-US","potentialAction":[{"@type":"ReadAction","target":["https:\/\/tecnomarmisrl.it\/en\/projects\/"]}]},{"@type":"BreadcrumbList","@id":"https:\/\/tecnomarmisrl.it\/en\/projects\/#breadcrumb","itemListElement":[{"@type":"ListItem","position":1,"name":"Home","item":"https:\/\/tecnomarmisrl.it\/en\/"},{"@type":"ListItem","position":2,"name":"Projects"}]},{"@type":"WebSite","@id":"https:\/\/tecnomarmisrl.it\/#website","url":"https:\/\/tecnomarmisrl.it\/","name":"Tecnomarmi","description":"","potentialAction":[{"@type":"SearchAction","target":{"@type":"EntryPoint","urlTemplate":"https:\/\/tecnomarmisrl.it\/?s={search_term_string}"},"query-input":{"@type":"PropertyValueSpecification","valueRequired":true,"valueName":"search_term_string"}}],"inLanguage":"en-US"}]}},"_links":{"self":[{"href":"https:\/\/tecnomarmisrl.it\/en\/wp-json\/wp\/v2\/pages\/2608","targetHints":{"allow":["GET"]}}],"collection":[{"href":"https:\/\/tecnomarmisrl.it\/en\/wp-json\/wp\/v2\/pages"}],"about":[{"href":"https:\/\/tecnomarmisrl.it\/en\/wp-json\/wp\/v2\/types\/page"}],"author":[{"embeddable":true,"href":"https:\/\/tecnomarmisrl.it\/en\/wp-json\/wp\/v2\/users\/1"}],"replies":[{"embeddable":true,"href":"https:\/\/tecnomarmisrl.it\/en\/wp-json\/wp\/v2\/comments?post=2608"}],"version-history":[{"count":11,"href":"https:\/\/tecnomarmisrl.it\/en\/wp-json\/wp\/v2\/pages\/2608\/revisions"}],"predecessor-version":[{"id":2871,"href":"https:\/\/tecnomarmisrl.it\/en\/wp-json\/wp\/v2\/pages\/2608\/revisions\/2871"}],"wp:attachment":[{"href":"https:\/\/tecnomarmisrl.it\/en\/wp-json\/wp\/v2\/media?parent=2608"}],"curies":[{"name":"wp","href":"https:\/\/api.w.org\/{rel}","templated":true}]}}