{"id":2612,"date":"2021-01-13T15:17:31","date_gmt":"2021-01-13T14:17:31","guid":{"rendered":"https:\/\/tecnomarmisrl.it\/showroom\/"},"modified":"2021-03-10T12:14:14","modified_gmt":"2021-03-10T11:14:14","slug":"showroom","status":"publish","type":"page","link":"https:\/\/tecnomarmisrl.it\/en\/showroom\/","title":{"rendered":"SHOWROOM"},"content":{"rendered":"<p>[et_pb_section fb_built=&#8221;1&#8243; _builder_version=&#8221;4.4.8&#8243; background_color=&#8221;#000000&#8243; background_color_gradient_direction=&#8221;90deg&#8221; custom_padding=&#8221;0px||5px|||&#8221;][et_pb_row _builder_version=&#8221;4.4.8&#8243;][et_pb_column type=&#8221;4_4&#8243; _builder_version=&#8221;4.4.8&#8243;][et_pb_text disabled_on=&#8221;off|off|off&#8221; _builder_version=&#8221;4.4.8&#8243; text_font=&#8221;|300|||||||&#8221; text_line_height=&#8221;1.4em&#8221; header_font_size=&#8221;80px&#8221; header_2_font=&#8221;|700|||||||&#8221; header_2_text_align=&#8221;center&#8221; header_2_font_size=&#8221;50px&#8221; text_orientation=&#8221;center&#8221; custom_margin=&#8221;||24px|||&#8221; header_font_size_tablet=&#8221;&#8221; header_font_size_phone=&#8221;40px&#8221; header_font_size_last_edited=&#8221;on|phone&#8221; locked=&#8221;off&#8221;]<\/p>\n<div class=\"page\" title=\"Page 3\">\n<div class=\"section\">\n<div class=\"layoutArea\">\n<div class=\"column\">\n<div class=\"page\" title=\"Page 5\">\n<div class=\"section\">\n<div class=\"layoutArea\">\n<div class=\"column\">\n<h2><strong>SHOWROOM<\/strong><\/h2>\n<\/div>\n<\/div>\n<\/div>\n<\/div>\n<\/div>\n<\/div>\n<\/div>\n<\/div>\n<p>[\/et_pb_text][\/et_pb_column][\/et_pb_row][\/et_pb_section][et_pb_section fb_built=&#8221;1&#8243; disabled_on=&#8221;on|on|on&#8221; _builder_version=&#8221;4.4.8&#8243; background_color=&#8221;#000000&#8243; disabled=&#8221;on&#8221;][et_pb_row _builder_version=&#8221;4.4.8&#8243;][et_pb_column type=&#8221;4_4&#8243; _builder_version=&#8221;4.4.8&#8243;][et_pb_text _builder_version=&#8221;4.4.8&#8243;]<\/p>\n<p>Your content goes here. Edit or remove this text inline or in the module Content settings. You can also style every aspect of this content in the module Design settings and even apply custom CSS to this text in the module Advanced settings.<\/p>\n<p>[\/et_pb_text][\/et_pb_column][\/et_pb_row][\/et_pb_section][et_pb_section fb_built=&#8221;1&#8243; _builder_version=&#8221;4.4.8&#8243; background_color=&#8221;#000000&#8243; background_color_gradient_direction=&#8221;90deg&#8221; custom_padding=&#8221;0px||5px|||&#8221;][et_pb_row _builder_version=&#8221;4.4.8&#8243;][et_pb_column type=&#8221;4_4&#8243; _builder_version=&#8221;4.4.8&#8243;][et_pb_image src=&#8221;https:\/\/tecnomarmisrl.it\/wp-content\/uploads\/2021\/01\/P2A7086-1.jpg&#8221; title_text=&#8221;_P2A7086&#8243; _builder_version=&#8221;4.4.8&#8243; width=&#8221;40%&#8221; width_tablet=&#8221;69%&#8221; width_phone=&#8221;70%&#8221; width_last_edited=&#8221;on|phone&#8221; module_alignment=&#8221;center&#8221;][\/et_pb_image][\/et_pb_column][\/et_pb_row][et_pb_row _builder_version=&#8221;4.4.8&#8243;][et_pb_column type=&#8221;4_4&#8243; _builder_version=&#8221;4.4.8&#8243;][et_pb_image src=&#8221;https:\/\/tecnomarmisrl.it\/wp-content\/uploads\/2021\/01\/DSC06225-1-Modifica.jpg&#8221; title_text=&#8221;DSC06225-1-Modifica&#8221; _builder_version=&#8221;4.4.8&#8243; width=&#8221;70%&#8221; module_alignment=&#8221;center&#8221;][\/et_pb_image][\/et_pb_column][\/et_pb_row][et_pb_row _builder_version=&#8221;4.4.8&#8243;][et_pb_column type=&#8221;4_4&#8243; _builder_version=&#8221;4.4.8&#8243;][et_pb_image src=&#8221;https:\/\/tecnomarmisrl.it\/wp-content\/uploads\/2021\/01\/1200-1.jpg&#8221; title_text=&#8221;1200&#8243; _builder_version=&#8221;4.4.8&#8243; width=&#8221;70%&#8221; module_alignment=&#8221;center&#8221;][\/et_pb_image][\/et_pb_column][\/et_pb_row][et_pb_row _builder_version=&#8221;4.4.8&#8243;][et_pb_column type=&#8221;4_4&#8243; _builder_version=&#8221;4.4.8&#8243;][et_pb_image src=&#8221;https:\/\/tecnomarmisrl.it\/wp-content\/uploads\/2021\/01\/P2A7580-Modifica.jpg&#8221; title_text=&#8221;_P2A7580-Modifica&#8221; _builder_version=&#8221;4.4.8&#8243; width=&#8221;70%&#8221; module_alignment=&#8221;center&#8221;][\/et_pb_image][\/et_pb_column][\/et_pb_row][et_pb_row _builder_version=&#8221;4.4.8&#8243;][et_pb_column type=&#8221;4_4&#8243; _builder_version=&#8221;4.4.8&#8243;][et_pb_image src=&#8221;https:\/\/tecnomarmisrl.it\/wp-content\/uploads\/2021\/01\/P0002A7591.jpg&#8221; title_text=&#8221;_P0002A7591&#8243; _builder_version=&#8221;4.4.8&#8243; width=&#8221;70%&#8221; module_alignment=&#8221;center&#8221;][\/et_pb_image][\/et_pb_column][\/et_pb_row][\/et_pb_section]<\/p>\n","protected":false},"excerpt":{"rendered":"<p>SHOWROOM Your content goes here. Edit or remove this text inline or in the module Content settings. You can also style every aspect of this content in the module Design settings and even apply custom CSS to this text in the module Advanced settings.<\/p>\n","protected":false},"author":2,"featured_media":0,"parent":0,"menu_order":0,"comment_status":"closed","ping_status":"closed","template":"","meta":{"_acf_changed":false,"_et_pb_use_builder":"on","_et_pb_old_content":"<!-- wp:paragraph -->\r\n<p>Questa \u00e8 una pagina di esempio. Differisce da un articolo di un blog perch\u00e9 rimane sempre allo stesso posto e (in molti temi) appare nel menu di navigazione. Molte persone iniziano con una pagina di Informazioni che li presentano ai visitatori del sito. Potrebbe apparire una presentazione del tipo:<\/p>\r\n<!-- \/wp:paragraph -->\r\n\r\n<!-- wp:quote -->\r\n<blockquote class=\"wp-block-quote\"><p>Ciao! Sono un fattorino ciclista di giorno, aspirante attore di notte e questo \u00e8 il mio sito web. Vivo a Los Angeles, ho un grande cane di nome Jack e mi piace la pi\u00f1a colada. (E prendere la pioggia)<\/p><\/blockquote>\r\n<!-- \/wp:quote -->\r\n\r\n<!-- wp:paragraph -->\r\n<p>...o qualcosa di simile:<\/p>\r\n<!-- \/wp:paragraph -->\r\n\r\n<!-- wp:quote -->\r\n<blockquote class=\"wp-block-quote\"><p>La Societ\u00e0 XYZ Aggeggi \u00e8 stata fondata nel 1971 e da allora fornisce al pubblico aggeggi di ottima qualit\u00e0. Situata a Fantasilandia, XYZ impiega oltre 2.000 persone e realizza ogni sorta di aggeggio fantastico per la comunit\u00e0 di Fantasilandia.<\/p><\/blockquote>\r\n<!-- \/wp:quote -->\r\n\r\n<!-- wp:paragraph -->\r\n<p>Come nuovo utente di WordPress, dovresti andare nella tua <a href=\"http:\/\/tecnomarmisrl.it\/wp-admin\/\">Bacheca<\/a> per eliminare questa pagina, e crearne delle nuove per i tuoi contenuti. Divertiti!<\/p>\r\n<!-- \/wp:paragraph -->","_et_gb_content_width":"","footnotes":""},"class_list":["post-2612","page","type-page","status-publish","hentry"],"acf":[],"yoast_head":"<!-- This site is optimized with the Yoast SEO plugin v25.4 - https:\/\/yoast.com\/wordpress\/plugins\/seo\/ -->\n<title>SHOWROOM - Tecnomarmi<\/title>\n<meta name=\"robots\" content=\"index, follow, max-snippet:-1, max-image-preview:large, max-video-preview:-1\" \/>\n<link rel=\"canonical\" href=\"https:\/\/tecnomarmisrl.it\/en\/showroom\/\" \/>\n<meta property=\"og:locale\" content=\"en_US\" \/>\n<meta property=\"og:type\" content=\"article\" \/>\n<meta property=\"og:title\" content=\"SHOWROOM - Tecnomarmi\" \/>\n<meta property=\"og:description\" content=\"SHOWROOM Your content goes here. Edit or remove this text inline or in the module Content settings. You can also style every aspect of this content in the module Design settings and even apply custom CSS to this text in the module Advanced settings.\" \/>\n<meta property=\"og:url\" content=\"https:\/\/tecnomarmisrl.it\/en\/showroom\/\" \/>\n<meta property=\"og:site_name\" content=\"Tecnomarmi\" \/>\n<meta property=\"article:modified_time\" content=\"2021-03-10T11:14:14+00:00\" \/>\n<meta name=\"twitter:card\" content=\"summary_large_image\" \/>\n<meta name=\"twitter:label1\" content=\"Est. reading time\" \/>\n\t<meta name=\"twitter:data1\" content=\"2 minutes\" \/>\n<script type=\"application\/ld+json\" class=\"yoast-schema-graph\">{\"@context\":\"https:\/\/schema.org\",\"@graph\":[{\"@type\":\"WebPage\",\"@id\":\"https:\/\/tecnomarmisrl.it\/en\/showroom\/\",\"url\":\"https:\/\/tecnomarmisrl.it\/en\/showroom\/\",\"name\":\"SHOWROOM - Tecnomarmi\",\"isPartOf\":{\"@id\":\"https:\/\/tecnomarmisrl.it\/#website\"},\"datePublished\":\"2021-01-13T14:17:31+00:00\",\"dateModified\":\"2021-03-10T11:14:14+00:00\",\"breadcrumb\":{\"@id\":\"https:\/\/tecnomarmisrl.it\/en\/showroom\/#breadcrumb\"},\"inLanguage\":\"en-US\",\"potentialAction\":[{\"@type\":\"ReadAction\",\"target\":[\"https:\/\/tecnomarmisrl.it\/en\/showroom\/\"]}]},{\"@type\":\"BreadcrumbList\",\"@id\":\"https:\/\/tecnomarmisrl.it\/en\/showroom\/#breadcrumb\",\"itemListElement\":[{\"@type\":\"ListItem\",\"position\":1,\"name\":\"Home\",\"item\":\"https:\/\/tecnomarmisrl.it\/en\/\"},{\"@type\":\"ListItem\",\"position\":2,\"name\":\"SHOWROOM\"}]},{\"@type\":\"WebSite\",\"@id\":\"https:\/\/tecnomarmisrl.it\/#website\",\"url\":\"https:\/\/tecnomarmisrl.it\/\",\"name\":\"Tecnomarmi\",\"description\":\"\",\"potentialAction\":[{\"@type\":\"SearchAction\",\"target\":{\"@type\":\"EntryPoint\",\"urlTemplate\":\"https:\/\/tecnomarmisrl.it\/?s={search_term_string}\"},\"query-input\":{\"@type\":\"PropertyValueSpecification\",\"valueRequired\":true,\"valueName\":\"search_term_string\"}}],\"inLanguage\":\"en-US\"}]}<\/script>\n<!-- \/ Yoast SEO plugin. -->","yoast_head_json":{"title":"SHOWROOM - Tecnomarmi","robots":{"index":"index","follow":"follow","max-snippet":"max-snippet:-1","max-image-preview":"max-image-preview:large","max-video-preview":"max-video-preview:-1"},"canonical":"https:\/\/tecnomarmisrl.it\/en\/showroom\/","og_locale":"en_US","og_type":"article","og_title":"SHOWROOM - Tecnomarmi","og_description":"SHOWROOM Your content goes here. Edit or remove this text inline or in the module Content settings. You can also style every aspect of this content in the module Design settings and even apply custom CSS to this text in the module Advanced settings.","og_url":"https:\/\/tecnomarmisrl.it\/en\/showroom\/","og_site_name":"Tecnomarmi","article_modified_time":"2021-03-10T11:14:14+00:00","twitter_card":"summary_large_image","twitter_misc":{"Est. reading time":"2 minutes"},"schema":{"@context":"https:\/\/schema.org","@graph":[{"@type":"WebPage","@id":"https:\/\/tecnomarmisrl.it\/en\/showroom\/","url":"https:\/\/tecnomarmisrl.it\/en\/showroom\/","name":"SHOWROOM - Tecnomarmi","isPartOf":{"@id":"https:\/\/tecnomarmisrl.it\/#website"},"datePublished":"2021-01-13T14:17:31+00:00","dateModified":"2021-03-10T11:14:14+00:00","breadcrumb":{"@id":"https:\/\/tecnomarmisrl.it\/en\/showroom\/#breadcrumb"},"inLanguage":"en-US","potentialAction":[{"@type":"ReadAction","target":["https:\/\/tecnomarmisrl.it\/en\/showroom\/"]}]},{"@type":"BreadcrumbList","@id":"https:\/\/tecnomarmisrl.it\/en\/showroom\/#breadcrumb","itemListElement":[{"@type":"ListItem","position":1,"name":"Home","item":"https:\/\/tecnomarmisrl.it\/en\/"},{"@type":"ListItem","position":2,"name":"SHOWROOM"}]},{"@type":"WebSite","@id":"https:\/\/tecnomarmisrl.it\/#website","url":"https:\/\/tecnomarmisrl.it\/","name":"Tecnomarmi","description":"","potentialAction":[{"@type":"SearchAction","target":{"@type":"EntryPoint","urlTemplate":"https:\/\/tecnomarmisrl.it\/?s={search_term_string}"},"query-input":{"@type":"PropertyValueSpecification","valueRequired":true,"valueName":"search_term_string"}}],"inLanguage":"en-US"}]}},"_links":{"self":[{"href":"https:\/\/tecnomarmisrl.it\/en\/wp-json\/wp\/v2\/pages\/2612","targetHints":{"allow":["GET"]}}],"collection":[{"href":"https:\/\/tecnomarmisrl.it\/en\/wp-json\/wp\/v2\/pages"}],"about":[{"href":"https:\/\/tecnomarmisrl.it\/en\/wp-json\/wp\/v2\/types\/page"}],"author":[{"embeddable":true,"href":"https:\/\/tecnomarmisrl.it\/en\/wp-json\/wp\/v2\/users\/2"}],"replies":[{"embeddable":true,"href":"https:\/\/tecnomarmisrl.it\/en\/wp-json\/wp\/v2\/comments?post=2612"}],"version-history":[{"count":2,"href":"https:\/\/tecnomarmisrl.it\/en\/wp-json\/wp\/v2\/pages\/2612\/revisions"}],"predecessor-version":[{"id":2629,"href":"https:\/\/tecnomarmisrl.it\/en\/wp-json\/wp\/v2\/pages\/2612\/revisions\/2629"}],"wp:attachment":[{"href":"https:\/\/tecnomarmisrl.it\/en\/wp-json\/wp\/v2\/media?parent=2612"}],"curies":[{"name":"wp","href":"https:\/\/api.w.org\/{rel}","templated":true}]}}