{"id":2776,"date":"2020-12-21T14:07:45","date_gmt":"2020-12-21T13:07:45","guid":{"rendered":"https:\/\/tecnomarmisrl.it\/projects\/bagni\/"},"modified":"2021-05-10T11:58:44","modified_gmt":"2021-05-10T09:58:44","slug":"bathrooms","status":"publish","type":"page","link":"https:\/\/tecnomarmisrl.it\/en\/projects\/bathrooms\/","title":{"rendered":"BATHROOMS"},"content":{"rendered":"<p>[et_pb_section fb_built=&#8221;1&#8243; _builder_version=&#8221;4.4.8&#8243; background_color=&#8221;#000000&#8243; use_background_color_gradient=&#8221;on&#8221; background_color_gradient_start=&#8221;rgba(0,0,0,0.4)&#8221; background_color_gradient_end=&#8221;rgba(0,0,0,0.83)&#8221; background_color_gradient_overlays_image=&#8221;on&#8221; background_image=&#8221;https:\/\/tecnomarmisrl.it\/wp-content\/uploads\/2020\/12\/P2A6872.jpg&#8221; parallax=&#8221;on&#8221; min_height=&#8221;100%&#8221; height=&#8221;100%&#8221; max_height=&#8221;100%&#8221; custom_padding=&#8221;||||false|false&#8221; locked=&#8221;off&#8221;][et_pb_row custom_padding_last_edited=&#8221;on|phone&#8221; _builder_version=&#8221;4.4.8&#8243; custom_margin_last_edited=&#8221;off|desktop&#8221; custom_padding=&#8221;19.9%||20%||false|false&#8221; custom_padding_tablet=&#8221;30%||30%||true|false&#8221; custom_padding_phone=&#8221;20%||20%||true|false&#8221; animation_style=&#8221;fade&#8221; animation_delay=&#8221;500ms&#8221;][et_pb_column type=&#8221;4_4&#8243; _builder_version=&#8221;4.4.8&#8243;][et_pb_text _builder_version=&#8221;4.4.8&#8243; text_font=&#8221;|300|||||||&#8221; text_line_height=&#8221;1.4em&#8221; header_font_size=&#8221;80px&#8221; header_2_font=&#8221;|700|||||||&#8221; header_2_text_align=&#8221;center&#8221; header_2_font_size=&#8221;40px&#8221; text_orientation=&#8221;center&#8221; custom_margin=&#8221;||||false|false&#8221; header_font_size_tablet=&#8221;70px&#8221; header_font_size_phone=&#8221;40px&#8221; header_font_size_last_edited=&#8221;on|phone&#8221;]<\/p>\n<div class=\"page\" title=\"Page 3\">\n<div class=\"section\">\n<div class=\"layoutArea\">\n<div class=\"column\">\n<div class=\"page\" title=\"Page 5\">\n<div class=\"section\">\n<div class=\"layoutArea\">\n<div class=\"column\">\n<h1>BATHROOMS<\/h1>\n<\/div>\n<\/div>\n<\/div>\n<\/div>\n<\/div>\n<\/div>\n<\/div>\n<\/div>\n<p>[\/et_pb_text][\/et_pb_column][\/et_pb_row][\/et_pb_section][et_pb_section fb_built=&#8221;1&#8243; _builder_version=&#8221;4.4.8&#8243; background_color=&#8221;#000000&#8243; module_alignment=&#8221;center&#8221; custom_margin=&#8221;||||false|false&#8221; custom_margin_tablet=&#8221;-7%||||false|false&#8221; custom_margin_phone=&#8221;-10%||||false|false&#8221; custom_margin_last_edited=&#8221;on|tablet&#8221; locked=&#8221;off&#8221;][et_pb_row _builder_version=&#8221;4.4.8&#8243; module_alignment=&#8221;center&#8221;][et_pb_column type=&#8221;4_4&#8243; _builder_version=&#8221;4.4.8&#8243;][et_pb_image src=&#8221;https:\/\/tecnomarmisrl.it\/wp-content\/uploads\/2021\/05\/P2A9837.jpg&#8221; alt=&#8221;bagni in marmo&#8221; title_text=&#8221;_P2A9837&#8243; _builder_version=&#8221;4.4.8&#8243; background_color=&#8221;#000000&#8243; width=&#8221;100%&#8221; custom_padding=&#8221;|0px||||&#8221;][\/et_pb_image][et_pb_text _builder_version=&#8221;4.4.8&#8243;]<\/p>\n<h2 style=\"text-align: center;\"><span>Olimpia Cream Marble Bathroom Covering.<\/span><\/h2>\n<p>[\/et_pb_text][\/et_pb_column][\/et_pb_row][\/et_pb_section][et_pb_section fb_built=&#8221;1&#8243; _builder_version=&#8221;4.4.8&#8243; background_color=&#8221;#000000&#8243; hover_enabled=&#8221;0&#8243;][et_pb_row _builder_version=&#8221;4.4.8&#8243;][et_pb_column _builder_version=&#8221;4.4.8&#8243; type=&#8221;4_4&#8243;][et_pb_image src=&#8221;https:\/\/tecnomarmisrl.it\/wp-content\/uploads\/2021\/05\/P2A9842-Modifica.jpg&#8221; _builder_version=&#8221;4.4.8&#8243; title_text=&#8221;_P2A9842-Modifica&#8221; hover_enabled=&#8221;0&#8243;][\/et_pb_image][\/et_pb_column][\/et_pb_row][\/et_pb_section][et_pb_section fb_built=&#8221;1&#8243; _builder_version=&#8221;4.4.8&#8243; background_color=&#8221;#000000&#8243;][et_pb_row column_structure=&#8221;1_2,1_2&#8243; _builder_version=&#8221;4.4.8&#8243; custom_padding=&#8221;||||false|false&#8221;][et_pb_column type=&#8221;1_2&#8243; _builder_version=&#8221;4.4.8&#8243;][et_pb_image src=&#8221;https:\/\/tecnomarmisrl.it\/wp-content\/uploads\/2020\/12\/P2A6893.jpg&#8221; title_text=&#8221;_P2A6893&#8243; _builder_version=&#8221;4.4.8&#8243;][\/et_pb_image][\/et_pb_column][et_pb_column type=&#8221;1_2&#8243; _builder_version=&#8221;4.4.8&#8243;][et_pb_image src=&#8221;https:\/\/tecnomarmisrl.it\/wp-content\/uploads\/2020\/12\/P2A6899.jpg&#8221; title_text=&#8221;_P2A6899&#8243; _builder_version=&#8221;4.4.8&#8243;][\/et_pb_image][\/et_pb_column][\/et_pb_row][et_pb_row _builder_version=&#8221;4.4.8&#8243;][et_pb_column type=&#8221;4_4&#8243; _builder_version=&#8221;4.4.8&#8243;][et_pb_text _builder_version=&#8221;4.4.8&#8243; header_2_font_size_tablet=&#8221;&#8221; header_2_font_size_phone=&#8221;18px&#8221; header_2_font_size_last_edited=&#8221;on|phone&#8221;]<\/p>\n<h2 style=\"text-align: center;\"><span>Wall covering in Pietra Medea, honed, with sink in Krion Snow White<\/span><\/h2>\n<p>[\/et_pb_text][\/et_pb_column][\/et_pb_row][\/et_pb_section][et_pb_section fb_built=&#8221;1&#8243; _builder_version=&#8221;4.4.8&#8243; background_color=&#8221;#000000&#8243;][et_pb_row column_structure=&#8221;1_2,1_2&#8243; _builder_version=&#8221;4.4.8&#8243; custom_margin_tablet=&#8221;-20px||||false|false&#8221; custom_margin_phone=&#8221;-60px||||false|false&#8221; custom_margin_last_edited=&#8221;on|phone&#8221; custom_padding=&#8221;||||false|false&#8221;][et_pb_column type=&#8221;1_2&#8243; _builder_version=&#8221;4.4.8&#8243;][et_pb_image src=&#8221;https:\/\/tecnomarmisrl.it\/wp-content\/uploads\/2020\/12\/P2A6862-Modifica.jpg&#8221; title_text=&#8221;_P2A6862-Modifica&#8221; _builder_version=&#8221;4.4.8&#8243;][\/et_pb_image][\/et_pb_column][et_pb_column type=&#8221;1_2&#8243; _builder_version=&#8221;4.4.8&#8243;][et_pb_image src=&#8221;https:\/\/tecnomarmisrl.it\/wp-content\/uploads\/2020\/12\/P2A6878.jpg&#8221; title_text=&#8221;_P2A6878&#8243; show_bottom_space=&#8221;off&#8221; _builder_version=&#8221;4.4.8&#8243;][\/et_pb_image][\/et_pb_column][\/et_pb_row][\/et_pb_section][et_pb_section fb_built=&#8221;1&#8243; _builder_version=&#8221;4.4.8&#8243; background_color=&#8221;#000000&#8243; module_alignment=&#8221;center&#8221; custom_margin=&#8221;||||false|false&#8221; custom_margin_tablet=&#8221;-7%||||false|false&#8221; custom_margin_phone=&#8221;-10%||||false|false&#8221; custom_margin_last_edited=&#8221;on|tablet&#8221;][et_pb_row _builder_version=&#8221;4.4.8&#8243; module_alignment=&#8221;center&#8221;][et_pb_column type=&#8221;4_4&#8243; _builder_version=&#8221;4.4.8&#8243;][et_pb_image src=&#8221;https:\/\/tecnomarmisrl.it\/wp-content\/uploads\/2021\/01\/P2A6872.jpg&#8221; title_text=&#8221;_P2A6872&#8243; _builder_version=&#8221;4.4.8&#8243; background_color=&#8221;#000000&#8243; width=&#8221;100%&#8221; custom_padding=&#8221;|0px||||&#8221;][\/et_pb_image][et_pb_text _builder_version=&#8221;4.4.8&#8243;]<\/p>\n<h2 style=\"text-align: center;\"><span>Wall covering in Grafite and Pietra Grey, polished, with sink in Krion Snow White<\/span><\/h2>\n<p>[\/et_pb_text][\/et_pb_column][\/et_pb_row][\/et_pb_section][et_pb_section fb_built=&#8221;1&#8243; _builder_version=&#8221;4.4.8&#8243; background_color=&#8221;#000000&#8243;][et_pb_row column_structure=&#8221;1_3,1_3,1_3&#8243; _builder_version=&#8221;4.4.8&#8243;][et_pb_column type=&#8221;1_3&#8243; _builder_version=&#8221;4.4.8&#8243;][et_pb_image src=&#8221;https:\/\/tecnomarmisrl.it\/wp-content\/uploads\/2021\/01\/baden_baden_2-1.jpg&#8221; title_text=&#8221;baden_baden_2&#8243; _builder_version=&#8221;4.4.8&#8243;][\/et_pb_image][\/et_pb_column][et_pb_column type=&#8221;1_3&#8243; _builder_version=&#8221;4.4.8&#8243;][et_pb_image src=&#8221;https:\/\/tecnomarmisrl.it\/wp-content\/uploads\/2021\/01\/baden_baden_3.jpg&#8221; title_text=&#8221;baden_baden_3&#8243; _builder_version=&#8221;4.4.8&#8243;][\/et_pb_image][\/et_pb_column][et_pb_column type=&#8221;1_3&#8243; _builder_version=&#8221;4.4.8&#8243;][et_pb_image src=&#8221;https:\/\/tecnomarmisrl.it\/wp-content\/uploads\/2021\/01\/baden_baden_7.jpg&#8221; title_text=&#8221;baden_baden_7&#8243; _builder_version=&#8221;4.4.8&#8243;][\/et_pb_image][\/et_pb_column][\/et_pb_row][et_pb_row _builder_version=&#8221;4.4.8&#8243;][et_pb_column type=&#8221;4_4&#8243; _builder_version=&#8221;4.4.8&#8243;][et_pb_text _builder_version=&#8221;4.4.8&#8243; header_2_font_size_tablet=&#8221;&#8221; header_2_font_size_phone=&#8221;18px&#8221; header_2_font_size_last_edited=&#8221;on|phone&#8221;]<\/p>\n<h2 style=\"text-align: center;\">Flooring and covering realized in Stone of Norcia<\/h2>\n<p>[\/et_pb_text][\/et_pb_column][\/et_pb_row][\/et_pb_section][et_pb_section fb_built=&#8221;1&#8243; _builder_version=&#8221;4.4.8&#8243; background_color=&#8221;#232323&#8243; locked=&#8221;off&#8221;][et_pb_row column_structure=&#8221;1_2,1_2&#8243; _builder_version=&#8221;4.4.8&#8243;][et_pb_column type=&#8221;1_2&#8243; _builder_version=&#8221;4.4.8&#8243;][et_pb_image src=&#8221;https:\/\/tecnomarmisrl.it\/wp-content\/uploads\/2021\/01\/P2A6753-Modifica-cucina-nera.jpg&#8221; title_text=&#8221;_P2A6753-Modifica-(cucina-nera)&#8221; url=&#8221;https:\/\/tecnomarmisrl.it\/en\/projects\/kitchen\/&#8221; _builder_version=&#8221;4.4.8&#8243;][\/et_pb_image][et_pb_text _builder_version=&#8221;4.4.8&#8243;]<\/p>\n<h2 style=\"text-align: center;\">KITCHENS<\/h2>\n<p>[\/et_pb_text][\/et_pb_column][et_pb_column type=&#8221;1_2&#8243; _builder_version=&#8221;4.4.8&#8243;][et_pb_image src=&#8221;https:\/\/tecnomarmisrl.it\/wp-content\/uploads\/2021\/01\/settori-dintervento-1167.jpg&#8221; title_text=&#8221;settori-d&#8217;intervento&#8211;1167&#8243; url=&#8221;https:\/\/tecnomarmisrl.it\/en\/projects\/contract\/&#8221; _builder_version=&#8221;4.4.8&#8243;][\/et_pb_image][et_pb_text _builder_version=&#8221;4.4.8&#8243;]<\/p>\n<h2 style=\"text-align: center;\">CONTRACT<\/h2>\n<p>[\/et_pb_text][\/et_pb_column][\/et_pb_row][\/et_pb_section][et_pb_section fb_built=&#8221;1&#8243; _builder_version=&#8221;4.4.8&#8243; background_color=&#8221;#000000&#8243; background_color_gradient_direction=&#8221;-90deg&#8221; custom_padding=&#8221;4px||3px|||&#8221; locked=&#8221;off&#8221;][et_pb_row column_structure=&#8221;1_5,3_5,1_5&#8243; _builder_version=&#8221;4.4.8&#8243; custom_padding=&#8221;||6px|||&#8221;][et_pb_column type=&#8221;1_5&#8243; _builder_version=&#8221;4.4.8&#8243;][\/et_pb_column][et_pb_column type=&#8221;3_5&#8243; _builder_version=&#8221;4.4.8&#8243;][et_pb_text _builder_version=&#8221;4.4.8&#8243; text_font=&#8221;|||on|||||&#8221; header_3_text_align=&#8221;center&#8221; header_3_font_size=&#8221;40px&#8221; header_3_font_size_tablet=&#8221;&#8221; header_3_font_size_phone=&#8221;28px&#8221; header_3_font_size_last_edited=&#8221;on|phone&#8221;]<\/p>\n<h3>Contact us<\/h3>\n<p>[\/et_pb_text][et_pb_button button_url=&#8221;@ET-DC@eyJkeW5hbWljIjp0cnVlLCJjb250ZW50IjoicG9zdF9saW5rX3VybF9wYWdlIiwic2V0dGluZ3MiOnsicG9zdF9pZCI6IjI2MDEifX0=@&#8221; button_text=&#8221;To receive more information&#8221; button_alignment=&#8221;center&#8221; _builder_version=&#8221;4.4.8&#8243; _dynamic_attributes=&#8221;button_url&#8221; custom_button=&#8221;on&#8221; button_border_width=&#8221;1px&#8221; locked=&#8221;off&#8221; button_bg_color__hover_enabled=&#8221;on|desktop&#8221; button_bg_color__hover=&#8221;#ffffff&#8221; button_bg_enable_color__hover=&#8221;on&#8221; button_text_color__hover_enabled=&#8221;on|desktop&#8221; button_text_color__hover=&#8221;#707070&#8243;][\/et_pb_button][\/et_pb_column][et_pb_column type=&#8221;1_5&#8243; _builder_version=&#8221;4.4.8&#8243;][\/et_pb_column][\/et_pb_row][\/et_pb_section]<\/p>\n","protected":false},"excerpt":{"rendered":"<p>BATHROOMS Olimpia Cream Marble Bathroom Covering.Wall covering in Pietra Medea, honed, with sink in Krion Snow WhiteWall covering in Grafite and Pietra Grey, polished, with sink in Krion Snow WhiteFlooring and covering realized in Stone of NorciaKITCHENSCONTRACTContact us<\/p>\n","protected":false},"author":2,"featured_media":2953,"parent":2608,"menu_order":0,"comment_status":"closed","ping_status":"closed","template":"","meta":{"_acf_changed":false,"_et_pb_use_builder":"on","_et_pb_old_content":"<!-- wp:paragraph -->\r\n<p>Questa \u00e8 una pagina di esempio. Differisce da un articolo di un blog perch\u00e9 rimane sempre allo stesso posto e (in molti temi) appare nel menu di navigazione. Molte persone iniziano con una pagina di Informazioni che li presentano ai visitatori del sito. Potrebbe apparire una presentazione del tipo:<\/p>\r\n<!-- \/wp:paragraph -->\r\n\r\n<!-- wp:quote -->\r\n<blockquote class=\"wp-block-quote\"><p>Ciao! Sono un fattorino ciclista di giorno, aspirante attore di notte e questo \u00e8 il mio sito web. Vivo a Los Angeles, ho un grande cane di nome Jack e mi piace la pi\u00f1a colada. (E prendere la pioggia)<\/p><\/blockquote>\r\n<!-- \/wp:quote -->\r\n\r\n<!-- wp:paragraph -->\r\n<p>...o qualcosa di simile:<\/p>\r\n<!-- \/wp:paragraph -->\r\n\r\n<!-- wp:quote -->\r\n<blockquote class=\"wp-block-quote\"><p>La Societ\u00e0 XYZ Aggeggi \u00e8 stata fondata nel 1971 e da allora fornisce al pubblico aggeggi di ottima qualit\u00e0. Situata a Fantasilandia, XYZ impiega oltre 2.000 persone e realizza ogni sorta di aggeggio fantastico per la comunit\u00e0 di Fantasilandia.<\/p><\/blockquote>\r\n<!-- \/wp:quote -->\r\n\r\n<!-- wp:paragraph -->\r\n<p>Come nuovo utente di WordPress, dovresti andare nella tua <a href=\"http:\/\/tecnomarmisrl.it\/wp-admin\/\">Bacheca<\/a> per eliminare questa pagina, e crearne delle nuove per i tuoi contenuti. Divertiti!<\/p>\r\n<!-- \/wp:paragraph -->","_et_gb_content_width":"","footnotes":""},"class_list":["post-2776","page","type-page","status-publish","has-post-thumbnail","hentry"],"acf":[],"yoast_head":"<!-- This site is optimized with the Yoast SEO plugin v25.4 - https:\/\/yoast.com\/wordpress\/plugins\/seo\/ -->\n<title>Bagni in Marmo con Rivestimenti in Pietra - Tecnomarmi<\/title>\n<meta name=\"description\" content=\"Tecnomarmi realizza bagni in marmo rivestiti con pietre di qualit\u00e0 che doneranno un design unico e inimitabile alla stanza. Find out more\" \/>\n<meta name=\"robots\" content=\"index, follow, max-snippet:-1, max-image-preview:large, max-video-preview:-1\" \/>\n<link rel=\"canonical\" href=\"https:\/\/tecnomarmisrl.it\/en\/projects\/bathrooms\/\" \/>\n<meta property=\"og:locale\" content=\"en_US\" \/>\n<meta property=\"og:type\" content=\"article\" \/>\n<meta property=\"og:title\" content=\"Bagni in Marmo con Rivestimenti in Pietra - Tecnomarmi\" \/>\n<meta property=\"og:description\" content=\"Tecnomarmi realizza bagni in marmo rivestiti con pietre di qualit\u00e0 che doneranno un design unico e inimitabile alla stanza. Find out more\" \/>\n<meta property=\"og:url\" content=\"https:\/\/tecnomarmisrl.it\/en\/projects\/bathrooms\/\" \/>\n<meta property=\"og:site_name\" content=\"Tecnomarmi\" \/>\n<meta property=\"article:modified_time\" content=\"2021-05-10T09:58:44+00:00\" \/>\n<meta property=\"og:image\" content=\"https:\/\/tecnomarmisrl.it\/wp-content\/uploads\/2021\/04\/bagni-in-marmo.jpg\" \/>\n\t<meta property=\"og:image:width\" content=\"1024\" \/>\n\t<meta property=\"og:image:height\" content=\"683\" \/>\n\t<meta property=\"og:image:type\" content=\"image\/jpeg\" \/>\n<meta name=\"twitter:card\" content=\"summary_large_image\" \/>\n<meta name=\"twitter:label1\" content=\"Est. reading time\" \/>\n\t<meta name=\"twitter:data1\" content=\"6 minutes\" \/>\n<script type=\"application\/ld+json\" class=\"yoast-schema-graph\">{\"@context\":\"https:\/\/schema.org\",\"@graph\":[{\"@type\":\"WebPage\",\"@id\":\"https:\/\/tecnomarmisrl.it\/en\/projects\/bathrooms\/\",\"url\":\"https:\/\/tecnomarmisrl.it\/en\/projects\/bathrooms\/\",\"name\":\"Bagni in Marmo con Rivestimenti in Pietra - Tecnomarmi\",\"isPartOf\":{\"@id\":\"https:\/\/tecnomarmisrl.it\/#website\"},\"primaryImageOfPage\":{\"@id\":\"https:\/\/tecnomarmisrl.it\/en\/projects\/bathrooms\/#primaryimage\"},\"image\":{\"@id\":\"https:\/\/tecnomarmisrl.it\/en\/projects\/bathrooms\/#primaryimage\"},\"thumbnailUrl\":\"https:\/\/tecnomarmisrl.it\/wp-content\/uploads\/2021\/04\/bagni-in-marmo.jpg\",\"datePublished\":\"2020-12-21T13:07:45+00:00\",\"dateModified\":\"2021-05-10T09:58:44+00:00\",\"description\":\"Tecnomarmi realizza bagni in marmo rivestiti con pietre di qualit\u00e0 che doneranno un design unico e inimitabile alla stanza. Find out more\",\"breadcrumb\":{\"@id\":\"https:\/\/tecnomarmisrl.it\/en\/projects\/bathrooms\/#breadcrumb\"},\"inLanguage\":\"en-US\",\"potentialAction\":[{\"@type\":\"ReadAction\",\"target\":[\"https:\/\/tecnomarmisrl.it\/en\/projects\/bathrooms\/\"]}]},{\"@type\":\"ImageObject\",\"inLanguage\":\"en-US\",\"@id\":\"https:\/\/tecnomarmisrl.it\/en\/projects\/bathrooms\/#primaryimage\",\"url\":\"https:\/\/tecnomarmisrl.it\/wp-content\/uploads\/2021\/04\/bagni-in-marmo.jpg\",\"contentUrl\":\"https:\/\/tecnomarmisrl.it\/wp-content\/uploads\/2021\/04\/bagni-in-marmo.jpg\",\"width\":1024,\"height\":683,\"caption\":\"bagni in marmo\"},{\"@type\":\"BreadcrumbList\",\"@id\":\"https:\/\/tecnomarmisrl.it\/en\/projects\/bathrooms\/#breadcrumb\",\"itemListElement\":[{\"@type\":\"ListItem\",\"position\":1,\"name\":\"Home\",\"item\":\"https:\/\/tecnomarmisrl.it\/en\/\"},{\"@type\":\"ListItem\",\"position\":2,\"name\":\"Projects\",\"item\":\"https:\/\/tecnomarmisrl.it\/en\/projects\/\"},{\"@type\":\"ListItem\",\"position\":3,\"name\":\"BATHROOMS\"}]},{\"@type\":\"WebSite\",\"@id\":\"https:\/\/tecnomarmisrl.it\/#website\",\"url\":\"https:\/\/tecnomarmisrl.it\/\",\"name\":\"Tecnomarmi\",\"description\":\"\",\"potentialAction\":[{\"@type\":\"SearchAction\",\"target\":{\"@type\":\"EntryPoint\",\"urlTemplate\":\"https:\/\/tecnomarmisrl.it\/?s={search_term_string}\"},\"query-input\":{\"@type\":\"PropertyValueSpecification\",\"valueRequired\":true,\"valueName\":\"search_term_string\"}}],\"inLanguage\":\"en-US\"}]}<\/script>\n<!-- \/ Yoast SEO plugin. -->","yoast_head_json":{"title":"Bagni in Marmo con Rivestimenti in Pietra - Tecnomarmi","description":"Tecnomarmi realizza bagni in marmo rivestiti con pietre di qualit\u00e0 che doneranno un design unico e inimitabile alla stanza. Find out more","robots":{"index":"index","follow":"follow","max-snippet":"max-snippet:-1","max-image-preview":"max-image-preview:large","max-video-preview":"max-video-preview:-1"},"canonical":"https:\/\/tecnomarmisrl.it\/en\/projects\/bathrooms\/","og_locale":"en_US","og_type":"article","og_title":"Bagni in Marmo con Rivestimenti in Pietra - Tecnomarmi","og_description":"Tecnomarmi realizza bagni in marmo rivestiti con pietre di qualit\u00e0 che doneranno un design unico e inimitabile alla stanza. Find out more","og_url":"https:\/\/tecnomarmisrl.it\/en\/projects\/bathrooms\/","og_site_name":"Tecnomarmi","article_modified_time":"2021-05-10T09:58:44+00:00","og_image":[{"width":1024,"height":683,"url":"https:\/\/tecnomarmisrl.it\/wp-content\/uploads\/2021\/04\/bagni-in-marmo.jpg","type":"image\/jpeg"}],"twitter_card":"summary_large_image","twitter_misc":{"Est. reading time":"6 minutes"},"schema":{"@context":"https:\/\/schema.org","@graph":[{"@type":"WebPage","@id":"https:\/\/tecnomarmisrl.it\/en\/projects\/bathrooms\/","url":"https:\/\/tecnomarmisrl.it\/en\/projects\/bathrooms\/","name":"Bagni in Marmo con Rivestimenti in Pietra - Tecnomarmi","isPartOf":{"@id":"https:\/\/tecnomarmisrl.it\/#website"},"primaryImageOfPage":{"@id":"https:\/\/tecnomarmisrl.it\/en\/projects\/bathrooms\/#primaryimage"},"image":{"@id":"https:\/\/tecnomarmisrl.it\/en\/projects\/bathrooms\/#primaryimage"},"thumbnailUrl":"https:\/\/tecnomarmisrl.it\/wp-content\/uploads\/2021\/04\/bagni-in-marmo.jpg","datePublished":"2020-12-21T13:07:45+00:00","dateModified":"2021-05-10T09:58:44+00:00","description":"Tecnomarmi realizza bagni in marmo rivestiti con pietre di qualit\u00e0 che doneranno un design unico e inimitabile alla stanza. Find out more","breadcrumb":{"@id":"https:\/\/tecnomarmisrl.it\/en\/projects\/bathrooms\/#breadcrumb"},"inLanguage":"en-US","potentialAction":[{"@type":"ReadAction","target":["https:\/\/tecnomarmisrl.it\/en\/projects\/bathrooms\/"]}]},{"@type":"ImageObject","inLanguage":"en-US","@id":"https:\/\/tecnomarmisrl.it\/en\/projects\/bathrooms\/#primaryimage","url":"https:\/\/tecnomarmisrl.it\/wp-content\/uploads\/2021\/04\/bagni-in-marmo.jpg","contentUrl":"https:\/\/tecnomarmisrl.it\/wp-content\/uploads\/2021\/04\/bagni-in-marmo.jpg","width":1024,"height":683,"caption":"bagni in marmo"},{"@type":"BreadcrumbList","@id":"https:\/\/tecnomarmisrl.it\/en\/projects\/bathrooms\/#breadcrumb","itemListElement":[{"@type":"ListItem","position":1,"name":"Home","item":"https:\/\/tecnomarmisrl.it\/en\/"},{"@type":"ListItem","position":2,"name":"Projects","item":"https:\/\/tecnomarmisrl.it\/en\/projects\/"},{"@type":"ListItem","position":3,"name":"BATHROOMS"}]},{"@type":"WebSite","@id":"https:\/\/tecnomarmisrl.it\/#website","url":"https:\/\/tecnomarmisrl.it\/","name":"Tecnomarmi","description":"","potentialAction":[{"@type":"SearchAction","target":{"@type":"EntryPoint","urlTemplate":"https:\/\/tecnomarmisrl.it\/?s={search_term_string}"},"query-input":{"@type":"PropertyValueSpecification","valueRequired":true,"valueName":"search_term_string"}}],"inLanguage":"en-US"}]}},"_links":{"self":[{"href":"https:\/\/tecnomarmisrl.it\/en\/wp-json\/wp\/v2\/pages\/2776","targetHints":{"allow":["GET"]}}],"collection":[{"href":"https:\/\/tecnomarmisrl.it\/en\/wp-json\/wp\/v2\/pages"}],"about":[{"href":"https:\/\/tecnomarmisrl.it\/en\/wp-json\/wp\/v2\/types\/page"}],"author":[{"embeddable":true,"href":"https:\/\/tecnomarmisrl.it\/en\/wp-json\/wp\/v2\/users\/2"}],"replies":[{"embeddable":true,"href":"https:\/\/tecnomarmisrl.it\/en\/wp-json\/wp\/v2\/comments?post=2776"}],"version-history":[{"count":8,"href":"https:\/\/tecnomarmisrl.it\/en\/wp-json\/wp\/v2\/pages\/2776\/revisions"}],"predecessor-version":[{"id":3324,"href":"https:\/\/tecnomarmisrl.it\/en\/wp-json\/wp\/v2\/pages\/2776\/revisions\/3324"}],"up":[{"embeddable":true,"href":"https:\/\/tecnomarmisrl.it\/en\/wp-json\/wp\/v2\/pages\/2608"}],"wp:featuredmedia":[{"embeddable":true,"href":"https:\/\/tecnomarmisrl.it\/en\/wp-json\/wp\/v2\/media\/2953"}],"wp:attachment":[{"href":"https:\/\/tecnomarmisrl.it\/en\/wp-json\/wp\/v2\/media?parent=2776"}],"curies":[{"name":"wp","href":"https:\/\/api.w.org\/{rel}","templated":true}]}}