{"id":2780,"date":"2021-01-14T16:50:43","date_gmt":"2021-01-14T15:50:43","guid":{"rendered":"https:\/\/tecnomarmisrl.it\/projects\/pavimenti-e-scale\/"},"modified":"2021-03-10T12:17:30","modified_gmt":"2021-03-10T11:17:30","slug":"floors-and-stairs","status":"publish","type":"page","link":"https:\/\/tecnomarmisrl.it\/en\/projects\/floors-and-stairs\/","title":{"rendered":"floors and stairs"},"content":{"rendered":"<p>[et_pb_section fb_built=&#8221;1&#8243; _builder_version=&#8221;4.4.8&#8243; background_color=&#8221;#c6c6c6&#8243; use_background_color_gradient=&#8221;on&#8221; background_color_gradient_start=&#8221;rgba(0,0,0,0.4)&#8221; background_color_gradient_end=&#8221;rgba(0,0,0,0.83)&#8221; background_color_gradient_overlays_image=&#8221;on&#8221; background_image=&#8221;https:\/\/tecnomarmisrl.it\/wp-content\/uploads\/2021\/01\/COPERTINA-SETTORI-DINTERVENTO-_P2A6872.jpg&#8221; min_height=&#8221;100%&#8221; height=&#8221;100%&#8221; max_height=&#8221;100%&#8221; custom_padding=&#8221;||||false|false&#8221; locked=&#8221;off&#8221;][et_pb_row custom_padding_last_edited=&#8221;on|phone&#8221; _builder_version=&#8221;4.4.8&#8243; custom_margin_last_edited=&#8221;off|desktop&#8221; custom_padding=&#8221;20%||20%||true|false&#8221; custom_padding_tablet=&#8221;30%||30%||true|false&#8221; custom_padding_phone=&#8221;20%||20%||true|false&#8221; animation_style=&#8221;fade&#8221; animation_delay=&#8221;500ms&#8221;][et_pb_column type=&#8221;4_4&#8243; _builder_version=&#8221;4.4.8&#8243;][et_pb_text _builder_version=&#8221;4.4.8&#8243; text_font=&#8221;|300|||||||&#8221; text_line_height=&#8221;1.4em&#8221; header_font_size=&#8221;80px&#8221; header_2_font=&#8221;|700|||||||&#8221; header_2_text_align=&#8221;center&#8221; header_2_font_size=&#8221;40px&#8221; text_orientation=&#8221;center&#8221; custom_margin=&#8221;||24px|||&#8221; header_font_size_tablet=&#8221;&#8221; header_font_size_phone=&#8221;40px&#8221; header_font_size_last_edited=&#8221;on|phone&#8221;]<\/p>\n<div class=\"page\" title=\"Page 3\">\n<div class=\"section\">\n<div class=\"layoutArea\">\n<div class=\"column\">\n<div class=\"page\" title=\"Page 5\">\n<div class=\"section\">\n<div class=\"layoutArea\">\n<div class=\"column\">\n<h1>FLOORS AND STAIRS<\/h1>\n<\/div>\n<\/div>\n<\/div>\n<\/div>\n<\/div>\n<\/div>\n<\/div>\n<\/div>\n<p>[\/et_pb_text][\/et_pb_column][\/et_pb_row][\/et_pb_section][et_pb_section fb_built=&#8221;1&#8243; _builder_version=&#8221;4.4.8&#8243; background_color=&#8221;#000000&#8243;][et_pb_row column_structure=&#8221;3_5,2_5&#8243; disabled_on=&#8221;on|on|off&#8221; _builder_version=&#8221;4.4.8&#8243; locked=&#8221;off&#8221;][et_pb_column type=&#8221;3_5&#8243; _builder_version=&#8221;4.4.8&#8243;][et_pb_image src=&#8221;https:\/\/tecnomarmisrl.it\/wp-content\/uploads\/2021\/01\/COPERTINA-SETTORI-DINTERVENTO-_P2A6872-1.jpg&#8221; title_text=&#8221;COPERTINA-SETTORI-D&#8217;INTERVENTO-_P2A6872&#8243; _builder_version=&#8221;4.4.8&#8243;][\/et_pb_image][et_pb_text _builder_version=&#8221;4.4.8&#8243;]<\/p>\n<h2 style=\"text-align: center;\">Suspended stairs in marble, realized with assembled elements to obtain a monolithic effect.<\/h2>\n<p>[\/et_pb_text][\/et_pb_column][et_pb_column type=&#8221;2_5&#8243; _builder_version=&#8221;4.4.8&#8243;][et_pb_image src=&#8221;https:\/\/tecnomarmisrl.it\/wp-content\/uploads\/2021\/01\/casa-in-Venezia-5-300.jpg&#8221; title_text=&#8221;casa-in-Venezia-5-(300)&#8221; _builder_version=&#8221;4.4.8&#8243;][\/et_pb_image][\/et_pb_column][\/et_pb_row][\/et_pb_section][et_pb_section fb_built=&#8221;1&#8243; _builder_version=&#8221;4.4.8&#8243; background_color=&#8221;#000000&#8243;][et_pb_row column_structure=&#8221;1_2,1_2&#8243; _builder_version=&#8221;4.4.8&#8243; custom_margin_tablet=&#8221;-10%||||false|false&#8221; custom_margin_phone=&#8221;-20%||||false|false&#8221; custom_margin_last_edited=&#8221;on|phone&#8221; custom_padding=&#8221;||||false|false&#8221; locked=&#8221;off&#8221;][et_pb_column type=&#8221;1_2&#8243; _builder_version=&#8221;4.4.8&#8243;][et_pb_image src=&#8221;https:\/\/tecnomarmisrl.it\/wp-content\/uploads\/2021\/01\/1800.jpg&#8221; title_text=&#8221;1800&#8243; _builder_version=&#8221;4.4.8&#8243;][\/et_pb_image][\/et_pb_column][et_pb_column type=&#8221;1_2&#8243; _builder_version=&#8221;4.4.8&#8243;][et_pb_image src=&#8221;https:\/\/tecnomarmisrl.it\/wp-content\/uploads\/2021\/01\/P2A7614-1.jpg&#8221; title_text=&#8221;_P2A7614&#8243; _builder_version=&#8221;4.4.8&#8243;][\/et_pb_image][\/et_pb_column][\/et_pb_row][et_pb_row _builder_version=&#8221;4.4.8&#8243;][et_pb_column type=&#8221;4_4&#8243; _builder_version=&#8221;4.4.8&#8243;][et_pb_text _builder_version=&#8221;4.4.8&#8243;]<\/p>\n<h2 style=\"text-align: center;\"><span>Flooring and stairs realized by our expert artisans, using stones that come from our territory of Asiago.<\/span><\/h2>\n<p>[\/et_pb_text][\/et_pb_column][\/et_pb_row][\/et_pb_section][et_pb_section fb_built=&#8221;1&#8243; _builder_version=&#8221;4.4.8&#8243; background_color=&#8221;#000000&#8243;][et_pb_row column_structure=&#8221;1_2,1_2&#8243; _builder_version=&#8221;4.4.8&#8243; custom_margin_tablet=&#8221;-10%||||false|false&#8221; custom_margin_phone=&#8221;-20%||||false|false&#8221; custom_margin_last_edited=&#8221;on|phone&#8221; custom_padding=&#8221;||||false|false&#8221; locked=&#8221;off&#8221;][et_pb_column type=&#8221;1_2&#8243; _builder_version=&#8221;4.4.8&#8243;][et_pb_image src=&#8221;https:\/\/tecnomarmisrl.it\/wp-content\/uploads\/2021\/01\/IMG-20201005-WA0020-2.jpg&#8221; title_text=&#8221;IMG-20201005-WA0020-2&#8243; _builder_version=&#8221;4.4.8&#8243;][\/et_pb_image][\/et_pb_column][et_pb_column type=&#8221;1_2&#8243; _builder_version=&#8221;4.4.8&#8243;][et_pb_image src=&#8221;https:\/\/tecnomarmisrl.it\/wp-content\/uploads\/2021\/01\/IMG-20201005-WA0023.jpg&#8221; title_text=&#8221;IMG-20201005-WA0023&#8243; _builder_version=&#8221;4.4.8&#8243;][\/et_pb_image][\/et_pb_column][\/et_pb_row][et_pb_row _builder_version=&#8221;4.4.8&#8243;][et_pb_column type=&#8221;4_4&#8243; _builder_version=&#8221;4.4.8&#8243;][et_pb_text _builder_version=&#8221;4.4.8&#8243;]<\/p>\n<h2 style=\"text-align: center;\">Venetian design staircase realized with antiqued Borgogna stone.<br \/> Wall covering realized with blocks of antiqued Borgogna stone.<\/h2>\n<p>[\/et_pb_text][\/et_pb_column][\/et_pb_row][\/et_pb_section][et_pb_section fb_built=&#8221;1&#8243; _builder_version=&#8221;4.4.8&#8243; background_color=&#8221;#000000&#8243; custom_padding=&#8221;||57px|||&#8221;][et_pb_row _builder_version=&#8221;4.4.8&#8243; custom_margin_tablet=&#8221;-10%||||false|false&#8221; custom_margin_phone=&#8221;-28%||||false|false&#8221; custom_margin_last_edited=&#8221;on|phone&#8221;][et_pb_column type=&#8221;4_4&#8243; _builder_version=&#8221;4.4.8&#8243;][et_pb_image src=&#8221;https:\/\/tecnomarmisrl.it\/wp-content\/uploads\/2021\/01\/Casa-in-Venezia-2.jpg&#8221; title_text=&#8221;Casa-in-Venezia-2&#8243; _builder_version=&#8221;4.4.8&#8243;][\/et_pb_image][\/et_pb_column][\/et_pb_row][et_pb_row _builder_version=&#8221;4.4.8&#8243;][et_pb_column type=&#8221;4_4&#8243; _builder_version=&#8221;4.4.8&#8243;][et_pb_text _builder_version=&#8221;4.4.8&#8243;]<\/p>\n<h2 style=\"text-align: center;\">Flooring in Pietra d\u2019Istria with brushed finishing.<\/h2>\n<h2 style=\"text-align: center;\"><u><\/u><u><\/u>Stairs in Pietra d\u2019Istria with three <span>suspended<\/span>steps and remaining steps made by using marble monoliths.<\/h2>\n<p>[\/et_pb_text][\/et_pb_column][\/et_pb_row][\/et_pb_section][et_pb_section fb_built=&#8221;1&#8243; _builder_version=&#8221;4.4.8&#8243; background_color=&#8221;#232323&#8243;][et_pb_row _builder_version=&#8221;4.4.8&#8243;][et_pb_column type=&#8221;4_4&#8243; _builder_version=&#8221;4.4.8&#8243;][et_pb_text _builder_version=&#8221;4.4.8&#8243; text_font=&#8221;Roboto||||||||&#8221; header_text_align=&#8221;center&#8221; module_alignment=&#8221;center&#8221;]<\/p>\n<h2 style=\"text-align: center;\"><span style=\"font-size: xx-large;\">RELATED<\/span><\/h2>\n<p>&nbsp;<\/p>\n<p>[\/et_pb_text][\/et_pb_column][\/et_pb_row][et_pb_row column_structure=&#8221;1_2,1_2&#8243; _builder_version=&#8221;4.4.8&#8243;][et_pb_column type=&#8221;1_2&#8243; _builder_version=&#8221;4.4.8&#8243;][et_pb_image src=&#8221;https:\/\/tecnomarmisrl.it\/wp-content\/uploads\/2020\/12\/P2A6872.jpg&#8221; title_text=&#8221;_P2A6872&#8243; url=&#8221;@ET-DC@eyJkeW5hbWljIjp0cnVlLCJjb250ZW50IjoicG9zdF9saW5rX3VybF9wYWdlIiwic2V0dGluZ3MiOnsicG9zdF9pZCI6IjI3NzYifX0=@&#8221; _builder_version=&#8221;4.4.8&#8243; _dynamic_attributes=&#8221;url&#8221; hover_enabled=&#8221;0&#8243;][\/et_pb_image][et_pb_text _builder_version=&#8221;4.4.8&#8243;]<\/p>\n<h2 style=\"text-align: center;\">BATHROOMS<\/h2>\n<p>[\/et_pb_text][\/et_pb_column][et_pb_column type=&#8221;1_2&#8243; _builder_version=&#8221;4.4.8&#8243;][et_pb_image src=&#8221;https:\/\/tecnomarmisrl.it\/wp-content\/uploads\/2021\/01\/P2A6799-4Modifica-1.jpg&#8221; title_text=&#8221;_P2A6799-4Modifica&#8221; url=&#8221;@ET-DC@eyJkeW5hbWljIjp0cnVlLCJjb250ZW50IjoicG9zdF9saW5rX3VybF9wYWdlIiwic2V0dGluZ3MiOnsicG9zdF9pZCI6IjI3NzgifX0=@&#8221; _builder_version=&#8221;4.4.8&#8243; _dynamic_attributes=&#8221;url&#8221; hover_enabled=&#8221;0&#8243;][\/et_pb_image][et_pb_text _builder_version=&#8221;4.4.8&#8243;]<\/p>\n<h2 style=\"text-align: center;\">KITCHENS<\/h2>\n<p>[\/et_pb_text][\/et_pb_column][\/et_pb_row][\/et_pb_section][et_pb_section fb_built=&#8221;1&#8243; _builder_version=&#8221;4.4.8&#8243; background_color=&#8221;#000000&#8243; background_color_gradient_direction=&#8221;-90deg&#8221; custom_padding=&#8221;4px||3px|||&#8221; locked=&#8221;off&#8221;][et_pb_row column_structure=&#8221;1_5,3_5,1_5&#8243; _builder_version=&#8221;4.4.8&#8243; custom_padding=&#8221;||6px|||&#8221;][et_pb_column type=&#8221;1_5&#8243; _builder_version=&#8221;4.4.8&#8243;][\/et_pb_column][et_pb_column type=&#8221;3_5&#8243; _builder_version=&#8221;4.4.8&#8243;][et_pb_text _builder_version=&#8221;4.4.8&#8243; text_font=&#8221;|||on|||||&#8221; header_3_text_align=&#8221;center&#8221; header_3_font_size=&#8221;40px&#8221; header_3_font_size_tablet=&#8221;&#8221; header_3_font_size_phone=&#8221;28px&#8221; header_3_font_size_last_edited=&#8221;on|phone&#8221;]<\/p>\n<h3>Contact us<\/h3>\n<p>[\/et_pb_text][et_pb_button button_url=&#8221;@ET-DC@eyJkeW5hbWljIjp0cnVlLCJjb250ZW50IjoicG9zdF9saW5rX3VybF9wYWdlIiwic2V0dGluZ3MiOnsicG9zdF9pZCI6IjI2MDEifX0=@&#8221; button_text=&#8221;To receive more information&#8221; button_alignment=&#8221;center&#8221; _builder_version=&#8221;4.4.8&#8243; _dynamic_attributes=&#8221;button_url&#8221; custom_button=&#8221;on&#8221; button_border_width=&#8221;1px&#8221; locked=&#8221;off&#8221; button_bg_color__hover_enabled=&#8221;on|desktop&#8221; button_bg_color__hover=&#8221;#ffffff&#8221; button_bg_enable_color__hover=&#8221;on&#8221; button_text_color__hover_enabled=&#8221;on|desktop&#8221; button_text_color__hover=&#8221;#707070&#8243;][\/et_pb_button][\/et_pb_column][et_pb_column type=&#8221;1_5&#8243; _builder_version=&#8221;4.4.8&#8243;][\/et_pb_column][\/et_pb_row][\/et_pb_section]<\/p>\n","protected":false},"excerpt":{"rendered":"<p>FLOORS AND STAIRS Suspended stairs in marble, realized with assembled elements to obtain a monolithic effect.Flooring and stairs realized by our expert artisans, using stones that come from our territory of Asiago.Venetian design staircase realized with antiqued Borgogna stone. Wall covering realized with blocks of antiqued Borgogna stone.Flooring in Pietra d\u2019Istria with brushed finishing. Stairs [&hellip;]<\/p>\n","protected":false},"author":2,"featured_media":2947,"parent":2608,"menu_order":0,"comment_status":"closed","ping_status":"closed","template":"","meta":{"_acf_changed":false,"_et_pb_use_builder":"on","_et_pb_old_content":"<!-- wp:paragraph -->\r\n<p>Questa \u00e8 una pagina di esempio. Differisce da un articolo di un blog perch\u00e9 rimane sempre allo stesso posto e (in molti temi) appare nel menu di navigazione. Molte persone iniziano con una pagina di Informazioni che li presentano ai visitatori del sito. Potrebbe apparire una presentazione del tipo:<\/p>\r\n<!-- \/wp:paragraph -->\r\n\r\n<!-- wp:quote -->\r\n<blockquote class=\"wp-block-quote\"><p>Ciao! Sono un fattorino ciclista di giorno, aspirante attore di notte e questo \u00e8 il mio sito web. Vivo a Los Angeles, ho un grande cane di nome Jack e mi piace la pi\u00f1a colada. (E prendere la pioggia)<\/p><\/blockquote>\r\n<!-- \/wp:quote -->\r\n\r\n<!-- wp:paragraph -->\r\n<p>...o qualcosa di simile:<\/p>\r\n<!-- \/wp:paragraph -->\r\n\r\n<!-- wp:quote -->\r\n<blockquote class=\"wp-block-quote\"><p>La Societ\u00e0 XYZ Aggeggi \u00e8 stata fondata nel 1971 e da allora fornisce al pubblico aggeggi di ottima qualit\u00e0. Situata a Fantasilandia, XYZ impiega oltre 2.000 persone e realizza ogni sorta di aggeggio fantastico per la comunit\u00e0 di Fantasilandia.<\/p><\/blockquote>\r\n<!-- \/wp:quote -->\r\n\r\n<!-- wp:paragraph -->\r\n<p>Come nuovo utente di WordPress, dovresti andare nella tua <a href=\"http:\/\/tecnomarmisrl.it\/wp-admin\/\">Bacheca<\/a> per eliminare questa pagina, e crearne delle nuove per i tuoi contenuti. Divertiti!<\/p>\r\n<!-- \/wp:paragraph -->","_et_gb_content_width":"","footnotes":""},"class_list":["post-2780","page","type-page","status-publish","has-post-thumbnail","hentry"],"acf":[],"yoast_head":"<!-- This site is optimized with the Yoast SEO plugin v25.4 - https:\/\/yoast.com\/wordpress\/plugins\/seo\/ -->\n<title>Marble floors | Marble Stairs - Tecnomarmi<\/title>\n<meta name=\"description\" content=\"Tecnomarmi realizes stairs and floors in marble of the highest quality thanks to a careful selection of materials. Discover the creations\" \/>\n<meta name=\"robots\" content=\"index, follow, max-snippet:-1, max-image-preview:large, max-video-preview:-1\" \/>\n<link rel=\"canonical\" href=\"https:\/\/tecnomarmisrl.it\/en\/projects\/floors-and-stairs\/\" \/>\n<meta property=\"og:locale\" content=\"en_US\" \/>\n<meta property=\"og:type\" content=\"article\" \/>\n<meta property=\"og:title\" content=\"Marble floors | Marble Stairs - Tecnomarmi\" \/>\n<meta property=\"og:description\" content=\"Tecnomarmi realizes stairs and floors in marble of the highest quality thanks to a careful selection of materials. Discover the creations\" \/>\n<meta property=\"og:url\" content=\"https:\/\/tecnomarmisrl.it\/en\/projects\/floors-and-stairs\/\" \/>\n<meta property=\"og:site_name\" content=\"Tecnomarmi\" \/>\n<meta property=\"article:modified_time\" content=\"2021-03-10T11:17:30+00:00\" \/>\n<meta property=\"og:image\" content=\"https:\/\/tecnomarmisrl.it\/wp-content\/uploads\/2021\/04\/Scale-e-pavimenti-in-marmo-1.jpg\" \/>\n\t<meta property=\"og:image:width\" content=\"1200\" \/>\n\t<meta property=\"og:image:height\" content=\"800\" \/>\n\t<meta property=\"og:image:type\" content=\"image\/jpeg\" \/>\n<meta name=\"twitter:card\" content=\"summary_large_image\" \/>\n<meta name=\"twitter:label1\" content=\"Est. reading time\" \/>\n\t<meta name=\"twitter:data1\" content=\"5 minutes\" \/>\n<script type=\"application\/ld+json\" class=\"yoast-schema-graph\">{\"@context\":\"https:\/\/schema.org\",\"@graph\":[{\"@type\":\"WebPage\",\"@id\":\"https:\/\/tecnomarmisrl.it\/en\/projects\/floors-and-stairs\/\",\"url\":\"https:\/\/tecnomarmisrl.it\/en\/projects\/floors-and-stairs\/\",\"name\":\"Marble floors | Marble Stairs - Tecnomarmi\",\"isPartOf\":{\"@id\":\"https:\/\/tecnomarmisrl.it\/#website\"},\"primaryImageOfPage\":{\"@id\":\"https:\/\/tecnomarmisrl.it\/en\/projects\/floors-and-stairs\/#primaryimage\"},\"image\":{\"@id\":\"https:\/\/tecnomarmisrl.it\/en\/projects\/floors-and-stairs\/#primaryimage\"},\"thumbnailUrl\":\"https:\/\/tecnomarmisrl.it\/wp-content\/uploads\/2021\/04\/Scale-e-pavimenti-in-marmo-1.jpg\",\"datePublished\":\"2021-01-14T15:50:43+00:00\",\"dateModified\":\"2021-03-10T11:17:30+00:00\",\"description\":\"Tecnomarmi realizes stairs and floors in marble of the highest quality thanks to a careful selection of materials. Discover the creations\",\"breadcrumb\":{\"@id\":\"https:\/\/tecnomarmisrl.it\/en\/projects\/floors-and-stairs\/#breadcrumb\"},\"inLanguage\":\"en-US\",\"potentialAction\":[{\"@type\":\"ReadAction\",\"target\":[\"https:\/\/tecnomarmisrl.it\/en\/projects\/floors-and-stairs\/\"]}]},{\"@type\":\"ImageObject\",\"inLanguage\":\"en-US\",\"@id\":\"https:\/\/tecnomarmisrl.it\/en\/projects\/floors-and-stairs\/#primaryimage\",\"url\":\"https:\/\/tecnomarmisrl.it\/wp-content\/uploads\/2021\/04\/Scale-e-pavimenti-in-marmo-1.jpg\",\"contentUrl\":\"https:\/\/tecnomarmisrl.it\/wp-content\/uploads\/2021\/04\/Scale-e-pavimenti-in-marmo-1.jpg\",\"width\":1200,\"height\":800,\"caption\":\"vendita scale e pavimenti in marmo\"},{\"@type\":\"BreadcrumbList\",\"@id\":\"https:\/\/tecnomarmisrl.it\/en\/projects\/floors-and-stairs\/#breadcrumb\",\"itemListElement\":[{\"@type\":\"ListItem\",\"position\":1,\"name\":\"Home\",\"item\":\"https:\/\/tecnomarmisrl.it\/en\/\"},{\"@type\":\"ListItem\",\"position\":2,\"name\":\"Projects\",\"item\":\"https:\/\/tecnomarmisrl.it\/en\/projects\/\"},{\"@type\":\"ListItem\",\"position\":3,\"name\":\"floors and stairs\"}]},{\"@type\":\"WebSite\",\"@id\":\"https:\/\/tecnomarmisrl.it\/#website\",\"url\":\"https:\/\/tecnomarmisrl.it\/\",\"name\":\"Tecnomarmi\",\"description\":\"\",\"potentialAction\":[{\"@type\":\"SearchAction\",\"target\":{\"@type\":\"EntryPoint\",\"urlTemplate\":\"https:\/\/tecnomarmisrl.it\/?s={search_term_string}\"},\"query-input\":{\"@type\":\"PropertyValueSpecification\",\"valueRequired\":true,\"valueName\":\"search_term_string\"}}],\"inLanguage\":\"en-US\"}]}<\/script>\n<!-- \/ Yoast SEO plugin. -->","yoast_head_json":{"title":"Marble floors | Marble Stairs - Tecnomarmi","description":"Tecnomarmi realizes stairs and floors in marble of the highest quality thanks to a careful selection of materials. Discover the creations","robots":{"index":"index","follow":"follow","max-snippet":"max-snippet:-1","max-image-preview":"max-image-preview:large","max-video-preview":"max-video-preview:-1"},"canonical":"https:\/\/tecnomarmisrl.it\/en\/projects\/floors-and-stairs\/","og_locale":"en_US","og_type":"article","og_title":"Marble floors | Marble Stairs - Tecnomarmi","og_description":"Tecnomarmi realizes stairs and floors in marble of the highest quality thanks to a careful selection of materials. Discover the creations","og_url":"https:\/\/tecnomarmisrl.it\/en\/projects\/floors-and-stairs\/","og_site_name":"Tecnomarmi","article_modified_time":"2021-03-10T11:17:30+00:00","og_image":[{"width":1200,"height":800,"url":"https:\/\/tecnomarmisrl.it\/wp-content\/uploads\/2021\/04\/Scale-e-pavimenti-in-marmo-1.jpg","type":"image\/jpeg"}],"twitter_card":"summary_large_image","twitter_misc":{"Est. reading time":"5 minutes"},"schema":{"@context":"https:\/\/schema.org","@graph":[{"@type":"WebPage","@id":"https:\/\/tecnomarmisrl.it\/en\/projects\/floors-and-stairs\/","url":"https:\/\/tecnomarmisrl.it\/en\/projects\/floors-and-stairs\/","name":"Marble floors | Marble Stairs - Tecnomarmi","isPartOf":{"@id":"https:\/\/tecnomarmisrl.it\/#website"},"primaryImageOfPage":{"@id":"https:\/\/tecnomarmisrl.it\/en\/projects\/floors-and-stairs\/#primaryimage"},"image":{"@id":"https:\/\/tecnomarmisrl.it\/en\/projects\/floors-and-stairs\/#primaryimage"},"thumbnailUrl":"https:\/\/tecnomarmisrl.it\/wp-content\/uploads\/2021\/04\/Scale-e-pavimenti-in-marmo-1.jpg","datePublished":"2021-01-14T15:50:43+00:00","dateModified":"2021-03-10T11:17:30+00:00","description":"Tecnomarmi realizes stairs and floors in marble of the highest quality thanks to a careful selection of materials. Discover the creations","breadcrumb":{"@id":"https:\/\/tecnomarmisrl.it\/en\/projects\/floors-and-stairs\/#breadcrumb"},"inLanguage":"en-US","potentialAction":[{"@type":"ReadAction","target":["https:\/\/tecnomarmisrl.it\/en\/projects\/floors-and-stairs\/"]}]},{"@type":"ImageObject","inLanguage":"en-US","@id":"https:\/\/tecnomarmisrl.it\/en\/projects\/floors-and-stairs\/#primaryimage","url":"https:\/\/tecnomarmisrl.it\/wp-content\/uploads\/2021\/04\/Scale-e-pavimenti-in-marmo-1.jpg","contentUrl":"https:\/\/tecnomarmisrl.it\/wp-content\/uploads\/2021\/04\/Scale-e-pavimenti-in-marmo-1.jpg","width":1200,"height":800,"caption":"vendita scale e pavimenti in marmo"},{"@type":"BreadcrumbList","@id":"https:\/\/tecnomarmisrl.it\/en\/projects\/floors-and-stairs\/#breadcrumb","itemListElement":[{"@type":"ListItem","position":1,"name":"Home","item":"https:\/\/tecnomarmisrl.it\/en\/"},{"@type":"ListItem","position":2,"name":"Projects","item":"https:\/\/tecnomarmisrl.it\/en\/projects\/"},{"@type":"ListItem","position":3,"name":"floors and stairs"}]},{"@type":"WebSite","@id":"https:\/\/tecnomarmisrl.it\/#website","url":"https:\/\/tecnomarmisrl.it\/","name":"Tecnomarmi","description":"","potentialAction":[{"@type":"SearchAction","target":{"@type":"EntryPoint","urlTemplate":"https:\/\/tecnomarmisrl.it\/?s={search_term_string}"},"query-input":{"@type":"PropertyValueSpecification","valueRequired":true,"valueName":"search_term_string"}}],"inLanguage":"en-US"}]}},"_links":{"self":[{"href":"https:\/\/tecnomarmisrl.it\/en\/wp-json\/wp\/v2\/pages\/2780","targetHints":{"allow":["GET"]}}],"collection":[{"href":"https:\/\/tecnomarmisrl.it\/en\/wp-json\/wp\/v2\/pages"}],"about":[{"href":"https:\/\/tecnomarmisrl.it\/en\/wp-json\/wp\/v2\/types\/page"}],"author":[{"embeddable":true,"href":"https:\/\/tecnomarmisrl.it\/en\/wp-json\/wp\/v2\/users\/2"}],"replies":[{"embeddable":true,"href":"https:\/\/tecnomarmisrl.it\/en\/wp-json\/wp\/v2\/comments?post=2780"}],"version-history":[{"count":6,"href":"https:\/\/tecnomarmisrl.it\/en\/wp-json\/wp\/v2\/pages\/2780\/revisions"}],"predecessor-version":[{"id":2800,"href":"https:\/\/tecnomarmisrl.it\/en\/wp-json\/wp\/v2\/pages\/2780\/revisions\/2800"}],"up":[{"embeddable":true,"href":"https:\/\/tecnomarmisrl.it\/en\/wp-json\/wp\/v2\/pages\/2608"}],"wp:featuredmedia":[{"embeddable":true,"href":"https:\/\/tecnomarmisrl.it\/en\/wp-json\/wp\/v2\/media\/2947"}],"wp:attachment":[{"href":"https:\/\/tecnomarmisrl.it\/en\/wp-json\/wp\/v2\/media?parent=2780"}],"curies":[{"name":"wp","href":"https:\/\/api.w.org\/{rel}","templated":true}]}}